{"id":1032,"date":"2025-08-05T09:39:02","date_gmt":"2025-08-05T07:39:02","guid":{"rendered":"https:\/\/doit-studio.com\/?page_id=1032"},"modified":"2025-08-13T07:20:12","modified_gmt":"2025-08-13T05:20:12","slug":"spacer-360-animacje-3d","status":"publish","type":"page","link":"https:\/\/doit-studio.com\/en\/spacer-360-animacje-3d\/","title":{"rendered":"360\u00b0 walk | 3D animations"},"content":{"rendered":"\t\t<div data-elementor-type=\"wp-page\" data-elementor-id=\"1032\" class=\"elementor elementor-1032\" data-elementor-post-type=\"page\">\n\t\t\t\t<div data-particle_enable=\"false\" data-particle-mobile-disabled=\"false\" class=\"elementor-element elementor-element-d01d7b5 e-flex e-con-boxed e-con e-parent\" data-id=\"d01d7b5\" data-element_type=\"container\" data-e-type=\"container\">\n\t\t\t\t\t<div class=\"e-con-inner\">\n\t\t\t\t<div class=\"elementor-element elementor-element-05fa58e animated-slow elementor-invisible elementor-widget elementor-widget-heading\" data-id=\"05fa58e\" data-element_type=\"widget\" data-e-type=\"widget\" data-settings=\"{&quot;_animation&quot;:&quot;fadeInUp&quot;}\" data-widget_type=\"heading.default\">\n\t\t\t\t\t<h2 class=\"elementor-heading-title elementor-size-default\">Wirtualny spacer 360\u00b0<\/h2>\t\t\t\t<\/div>\n\t\t\t\t<div class=\"elementor-element elementor-element-14ca718 animated-slow elementor-invisible elementor-widget elementor-widget-text-editor\" data-id=\"14ca718\" data-element_type=\"widget\" data-e-type=\"widget\" data-settings=\"{&quot;_animation&quot;:&quot;fadeInUp&quot;}\" data-widget_type=\"text-editor.default\">\n\t\t\t\t\t\t\t\t\t<p>W dobie wci\u0105\u017c rozwijaj\u0105cej si\u0119 technologii coraz cz\u0119\u015bciej wykorzystuje si\u0119 wirtualne spacery do prezentacji sprzedawanej inwestycji. Technologia VR pozwala niejako na \u017cywo ogl\u0105da\u0107 realizowan\u0105 inwestycj\u0119.<\/p><p>Klient mo\u017ce przemieszcza\u0107 si\u0119 pomi\u0119dzy punktami, przechodzi\u0107 z pomieszczenia do pomieszczenia, porusza\u0107 wok\u00f3\u0142 inwestycji. Wirtualny spacer pozwala rozejrze\u0107 si\u0119 wok\u00f3\u0142 siebie, dostrzec ka\u017cde, nawet najmniejsze detale cz\u0119sto nie widoczne na wizualizacjach wn\u0119trz. Klient mo\u017ce zatrzyma\u0107 si\u0119 w wybranym miejscu, rozmarzy\u0107 widokiem, a nast\u0119pnie ruszy\u0107 naprz\u00f3d i odkrywa\u0107 kolejne przestrzenie. To narz\u0119dzie wyzwala niezwykle emocje i niesamowicie pobudza wyobra\u017ani\u0119.<\/p><p>Wirtualne spacery s\u0105 \u015bci\u015ble powi\u0105zane z wizualizacjami 3D architektonicznymi oraz wizualizacjami 3D wn\u0119trz. Poniewa\u017c jednego nie da si\u0119 wykona\u0107 bez drugiego \u2013 cz\u0119sto stanowi\u0105 doskona\u0142e uzupe\u0142nienie oferty marketingowej. Dzi\u0119ki temu wyr\u00f3\u017cniasz si\u0119 na rynku w\u015br\u00f3d konkurencji, zyskujesz przewag\u0119, oraz skutecznie sprzedajesz inwestycj\u0119.<\/p><p>Wirtualne spacery kt\u00f3re wykonuj\u0119 cechuje bardzo du\u017ca dok\u0142adno\u015b\u0107 i skupienie si\u0119 na detalach. To produkt, w kt\u00f3rym nie da si\u0119 ukry\u0107 \u017cadnej niedoskona\u0142o\u015bci. Wprawne i czujne oko klienta od razu j\u0105 wychwyci. Dlatego zar\u00f3wno tutaj, jak i w pozosta\u0142ych rzeczach kt\u00f3re wykonuj\u0119, nie ma miejsca na kompromisy.<\/p>\t\t\t\t\t\t\t\t<\/div>\n\t\t\t\t<div class=\"elementor-element elementor-element-407ad0c animated-slow elementor-hidden-mobile elementor-invisible elementor-widget elementor-widget-html\" data-id=\"407ad0c\" data-element_type=\"widget\" data-e-type=\"widget\" data-settings=\"{&quot;_animation&quot;:&quot;fadeInUp&quot;}\" data-widget_type=\"html.default\">\n\t\t\t\t\t<iframe id=\"tour-embeded\" name=\"Osiedle\" src=\"https:\/\/tour.panoee.net\/iframe\/65fd5138fd11cb68dd31d1ce\" frameBorder=\"0\" width=\"100%\" height=\"800px\" scrolling=\"no\" allowvr=\"yes\" allow=\"vr; xr; accelerometer; gyroscope; autoplay;\" allowFullScreen=\"false\" webkitallowfullscreen=\"false\" mozallowfullscreen=\"false\" loading=\"eager\"><\/iframe>\r\n      <script>\r\n        var pano_iframe_name = \"tour-embeded\";\r\n        window.addEventListener(\"devicemotion\", function(e){ var iframe = document.getElementById(pano_iframe_name); if (iframe) iframe.contentWindow.postMessage({ type:\"devicemotion\", deviceMotionEvent:{ acceleration:{ x:e.acceleration.x, y:e.acceleration.y, z:e.acceleration.z }, accelerationIncludingGravity:{ x:e.accelerationIncludingGravity.x, y:e.accelerationIncludingGravity.y, z:e.accelerationIncludingGravity.z }, rotationRate:{ alpha:e.rotationRate.alpha, beta:e.rotationRate.beta, gamma:e.rotationRate.gamma }, interval:e.interval, timeStamp:e.timeStamp } }, \"*\"); });\r\n      <\/script>\r\n\t\t\t\t<\/div>\n\t\t\t\t<div class=\"elementor-element elementor-element-6c8e0cc animated-slow elementor-hidden-desktop elementor-hidden-tablet elementor-hidden-widescreen elementor-invisible elementor-widget elementor-widget-html\" data-id=\"6c8e0cc\" data-element_type=\"widget\" data-e-type=\"widget\" data-settings=\"{&quot;_animation&quot;:&quot;fadeInUp&quot;}\" data-widget_type=\"html.default\">\n\t\t\t\t\t<iframe id=\"tour-embeded\" name=\"Osiedle\" src=\"https:\/\/tour.panoee.net\/iframe\/65fd5138fd11cb68dd31d1ce\" frameBorder=\"0\" width=\"100%\" height=\"400px\" scrolling=\"no\" allowvr=\"yes\" allow=\"vr; xr; accelerometer; gyroscope; autoplay;\" allowFullScreen=\"false\" webkitallowfullscreen=\"false\" mozallowfullscreen=\"false\" loading=\"eager\"><\/iframe>\r\n      <script>\r\n        var pano_iframe_name = \"tour-embeded\";\r\n        window.addEventListener(\"devicemotion\", function(e){ var iframe = document.getElementById(pano_iframe_name); if (iframe) iframe.contentWindow.postMessage({ type:\"devicemotion\", deviceMotionEvent:{ acceleration:{ x:e.acceleration.x, y:e.acceleration.y, z:e.acceleration.z }, accelerationIncludingGravity:{ x:e.accelerationIncludingGravity.x, y:e.accelerationIncludingGravity.y, z:e.accelerationIncludingGravity.z }, rotationRate:{ alpha:e.rotationRate.alpha, beta:e.rotationRate.beta, gamma:e.rotationRate.gamma }, interval:e.interval, timeStamp:e.timeStamp } }, \"*\"); });\r\n      <\/script>\r\n\t\t\t\t<\/div>\n\t\t\t\t\t<\/div>\n\t\t\t\t<\/div>\n\t\t<div data-particle_enable=\"false\" data-particle-mobile-disabled=\"false\" class=\"elementor-element elementor-element-3538bd4 e-flex e-con-boxed e-con e-parent\" data-id=\"3538bd4\" data-element_type=\"container\" data-e-type=\"container\">\n\t\t\t\t\t<div class=\"e-con-inner\">\n\t\t\t\t<div class=\"elementor-element elementor-element-f3ef9b7 animated-slow elementor-invisible elementor-widget elementor-widget-heading\" data-id=\"f3ef9b7\" data-element_type=\"widget\" data-e-type=\"widget\" data-settings=\"{&quot;_animation&quot;:&quot;fadeInUp&quot;}\" data-widget_type=\"heading.default\">\n\t\t\t\t\t<h2 class=\"elementor-heading-title elementor-size-default\">Animacje 3D<\/h2>\t\t\t\t<\/div>\n\t\t\t\t<div class=\"elementor-element elementor-element-961004a animated-slow elementor-invisible elementor-widget elementor-widget-text-editor\" data-id=\"961004a\" data-element_type=\"widget\" data-e-type=\"widget\" data-settings=\"{&quot;_animation&quot;:&quot;fadeInUp&quot;}\" data-widget_type=\"text-editor.default\">\n\t\t\t\t\t\t\t\t\t<p>\u017byjemy w czasach wszechobecnych film\u00f3w. W social mediach, z kt\u00f3rych na co dzie\u0144 korzystamy, wiod\u0105 one niekwestionowany prym. To bardzo dobry kana\u0142 komunikacji z klientem.<\/p><p>Promuj\u0105c swoj\u0105 inwestycj\u0119, warto rozwa\u017cy\u0107 wykonanie animacji 3D. Mo\u017ce to by\u0107 zar\u00f3wno animacja architektoniczna jak i animacja wn\u0119trz.<\/p><p>Animacja 3D o\u017cywia prezentowan\u0105 inwestycj\u0119. Wprowadza dynamizm do oferty. Sprawia, \u017ce klient nie przejdzie wok\u00f3\u0142 niej niezauwa\u017cenie.<\/p><p>Odpowiedni ruch kamery, zbli\u017cenia, ruch obiekt\u00f3w, d\u017awi\u0119k \u2013 to elementy kt\u00f3re cechuj\u0105 wysokiej jako\u015bci animacj\u0119 3D. Przemy\u015blane elementy, odpowiednio zaprojektowane, u\u0142o\u017cone i zbalansowane tworz\u0105 co\u015b wi\u0119cej ni\u017c przypadkowy film. Powstaje prawdziwa historia, kt\u00f3ra opowiada Twoj\u0105 inwestycj\u0119. Historia kt\u00f3r\u0105 ka\u017cdy chce pozna\u0107, uczestniczy\u0107 w niej oraz by\u0107 jej cz\u0119\u015bci\u0105.<\/p><p>Animacje 3D w moim wykonaniu s\u0105 przemy\u015blane na ka\u017cdym kroku. Przyk\u0142adam szczeg\u00f3ln\u0105 uwag\u0119 aby powsta\u0142y film nie by\u0142 przypadkowy, a sp\u00f3jny, estetyczny, i wci\u0105gaj\u0105cy od pocz\u0105tku a\u017c do ko\u0144ca.<\/p>\t\t\t\t\t\t\t\t<\/div>\n\t\t\t\t<div class=\"elementor-element elementor-element-15fcba6 animated-slow elementor-invisible elementor-widget elementor-widget-video\" data-id=\"15fcba6\" data-element_type=\"widget\" data-e-type=\"widget\" data-settings=\"{&quot;video_type&quot;:&quot;hosted&quot;,&quot;autoplay&quot;:&quot;yes&quot;,&quot;play_on_mobile&quot;:&quot;yes&quot;,&quot;loop&quot;:&quot;yes&quot;,&quot;_animation&quot;:&quot;fadeInUp&quot;}\" data-widget_type=\"video.default\">\n\t\t\t\t\t\t\t<div class=\"e-hosted-video elementor-wrapper elementor-open-inline\">\n\t\t\t\t\t<video class=\"elementor-video\" src=\"https:\/\/doit-studio.com\/wp-content\/uploads\/2025\/08\/fin.mp4\" autoplay=\"\" loop=\"\" playsinline=\"\" controlsList=\"nodownload\"><\/video>\n\t\t\t\t<\/div>\n\t\t\t\t\t\t<\/div>\n\t\t\t\t\t<\/div>\n\t\t\t\t<\/div>\n\t\t<div data-particle_enable=\"false\" data-particle-mobile-disabled=\"false\" class=\"elementor-element elementor-element-e2391d5 e-flex e-con-boxed e-con e-parent\" data-id=\"e2391d5\" data-element_type=\"container\" data-e-type=\"container\">\n\t\t\t\t\t<div class=\"e-con-inner\">\n\t\t\t\t<div class=\"elementor-element elementor-element-9a0fd8e elementor-widget elementor-widget-template\" data-id=\"9a0fd8e\" data-element_type=\"widget\" data-e-type=\"widget\" data-widget_type=\"template.default\">\n\t\t\t\t<div class=\"elementor-widget-container\">\n\t\t\t\t\t\t\t<div class=\"elementor-template\">\n\t\t\t\t\t<div data-elementor-type=\"page\" data-elementor-id=\"1811\" class=\"elementor elementor-1811\" data-elementor-post-type=\"elementor_library\">\n\t\t\t\t<div data-particle_enable=\"false\" data-particle-mobile-disabled=\"false\" class=\"elementor-element elementor-element-4ad023d e-flex e-con-boxed e-con e-parent\" data-id=\"4ad023d\" data-element_type=\"container\" data-e-type=\"container\">\n\t\t\t\t\t<div class=\"e-con-inner\">\n\t\t\t\t<div class=\"elementor-element elementor-element-89dde84 animated-slow elementor-invisible elementor-widget elementor-widget-heading\" data-id=\"89dde84\" data-element_type=\"widget\" data-e-type=\"widget\" data-settings=\"{&quot;_animation&quot;:&quot;fadeInUp&quot;,&quot;_animation_delay&quot;:100}\" data-widget_type=\"heading.default\">\n\t\t\t\t\t<h2 class=\"elementor-heading-title elementor-size-default\">Porozmawiajmy o Twoim projekcie<\/h2>\t\t\t\t<\/div>\n\t\t\t\t<div class=\"elementor-element elementor-element-4d5cb56 elementor-widget__width-initial animated-slow elementor-widget-tablet__width-inherit elementor-invisible elementor-widget elementor-widget-text-editor\" data-id=\"4d5cb56\" data-element_type=\"widget\" data-e-type=\"widget\" data-settings=\"{&quot;_animation&quot;:&quot;fadeInUp&quot;,&quot;_animation_delay&quot;:200}\" data-widget_type=\"text-editor.default\">\n\t\t\t\t\t\t\t\t\t<p>Powiedz mi wi\u0119cej o Twoim projekcie. Zastanowimy si\u0119 wsp\u00f3lnie w jaki spos\u00f3b przedstawi\u0107 go w najlepszy mo\u017cliwy spos\u00f3b.\u00a0<\/p>\t\t\t\t\t\t\t\t<\/div>\n\t\t\t\t<div class=\"elementor-element elementor-element-515a1e5 elementor-icon-list--layout-inline elementor-align-center animated-slow elementor-hidden-mobile elementor-list-item-link-full_width elementor-invisible elementor-widget elementor-widget-icon-list\" data-id=\"515a1e5\" data-element_type=\"widget\" data-e-type=\"widget\" data-settings=\"{&quot;_animation&quot;:&quot;fadeInUp&quot;,&quot;_animation_delay&quot;:300}\" data-widget_type=\"icon-list.default\">\n\t\t\t\t\t\t\t<ul class=\"elementor-icon-list-items elementor-inline-items\">\n\t\t\t\t\t\t\t<li class=\"elementor-icon-list-item elementor-inline-item\">\n\t\t\t\t\t\t\t\t\t\t\t<span class=\"elementor-icon-list-icon\">\n\t\t\t\t\t\t\t<svg xmlns=\"http:\/\/www.w3.org\/2000\/svg\" id=\"Capa_1\" height=\"512\" viewBox=\"0 0 512 512\" width=\"512\"><g><path d=\"m504.5 62.5h-497c-4.142 0-7.5 3.357-7.5 7.5v372c0 4.143 3.358 7.5 7.5 7.5h497c4.142 0 7.5-3.357 7.5-7.5v-372c0-4.143-3.358-7.5-7.5-7.5zm-147.057 209.409c-2.929-2.928-7.678-2.928-10.606 0-2.929 2.93-2.929 7.678 0 10.607l143.573 143.575c2.412 2.412 4.184 5.285 5.287 8.409h-479.394c1.103-3.125 2.875-5.997 5.287-8.409l143.574-143.574c2.929-2.93 2.929-7.678 0-10.607-2.929-2.928-7.678-2.928-10.606 0l-139.558 139.557v-310.934l193.271 193.271c12.749 12.749 29.7 19.771 47.729 19.771s34.98-7.021 47.729-19.771l193.271-193.271v310.934zm-341.14-194.409h479.395c-1.103 3.125-2.875 5.997-5.287 8.409l-197.288 197.287c-9.916 9.916-23.1 15.378-37.123 15.378s-27.207-5.462-37.123-15.378l-197.287-197.287c-2.412-2.412-4.184-5.284-5.287-8.409z\"><\/path><\/g><\/svg>\t\t\t\t\t\t<\/span>\n\t\t\t\t\t\t\t\t\t\t<span class=\"elementor-icon-list-text\">kontakt@doit-studio.com<\/span>\n\t\t\t\t\t\t\t\t\t<\/li>\n\t\t\t\t\t\t\t\t<li class=\"elementor-icon-list-item elementor-inline-item\">\n\t\t\t\t\t\t\t\t\t\t\t<a href=\"tel:+48%20508%20533%20161\">\n\n\t\t\t\t\t\t\t\t\t\t\t\t<span class=\"elementor-icon-list-icon\">\n\t\t\t\t\t\t\t<svg xmlns=\"http:\/\/www.w3.org\/2000\/svg\" xmlns:xlink=\"http:\/\/www.w3.org\/1999\/xlink\" viewBox=\"0 0 463.009 463.009\"><g><path d=\"m462.692,381.085c-1.472-11.126-7.895-20.719-17.62-26.318l-114.226-65.767c-13.99-8.055-31.738-5.71-43.157,5.708l-22.499,22.499c-5.987,5.988-15.459,6.518-22.028,1.231-17.737-14.272-35.201-29.979-51.906-46.685-16.705-16.705-32.412-34.168-46.685-51.906-5.287-6.57-4.758-16.041 1.231-22.029l22.498-22.499c11.418-11.417 13.766-29.163 5.709-43.156l-65.767-114.226c-5.6-9.726-15.192-16.148-26.318-17.62-11.127-1.475-22.06,2.236-29.996,10.172l-33.901,33.902c-23.661,23.662-24.041,66.944-1.07,121.875 22.088,52.818 63.308,110.962 116.065,163.721 52.759,52.758 110.903,93.978 163.722,116.066 27.039,11.307 51.253,16.957 71.697,16.956 21.088,0 38.163-6.013 50.178-18.027l33.901-33.902c7.935-7.936 11.643-18.869 10.172-29.995zm-139.33-79.086l114.226,65.767c5.649,3.252 9.379,8.824 10.233,15.286 0.718,5.423-0.691,10.763-3.885,15.066l-151.805-86.638 6.165-6.165c6.631-6.631 16.941-7.994 25.066-3.316zm-243.406-286.811c6.463,0.855 12.034,4.585 15.286,10.234l65.767,114.226c4.68,8.127 3.316,18.435-3.315,25.065l-5.663,5.663-87.114-151.303c3.561-2.637 7.82-4.069 12.26-4.069 0.921-1.77636e-15 1.85,0.061 2.779,0.184zm328.055,419.187c-18.798,18.798-57.244,18.01-105.48-2.162-51.06-21.352-107.491-61.424-158.901-112.833-51.41-51.41-91.482-107.842-112.834-158.901-20.173-48.237-20.96-86.683-2.162-105.482l25.167-25.168 87.245,151.532-5.851,5.851c-11.415,11.416-12.409,29.488-2.311,42.04 14.609,18.156 30.68,36.024 47.764,53.108 17.086,17.085 34.954,33.156 53.109,47.765 12.55,10.098 30.622,9.105 42.04-2.312l5.338-5.338 152.016,86.759-25.14,25.141z\"><\/path><\/g><\/svg>\t\t\t\t\t\t<\/span>\n\t\t\t\t\t\t\t\t\t\t<span class=\"elementor-icon-list-text\">+48 508 533 161<\/span>\n\t\t\t\t\t\t\t\t\t\t\t<\/a>\n\t\t\t\t\t\t\t\t\t<\/li>\n\t\t\t\t\t\t<\/ul>\n\t\t\t\t\t\t<\/div>\n\t\t\t\t<div class=\"elementor-element elementor-element-0a065a1 elementor-align-center animated-slow elementor-hidden-desktop elementor-hidden-tablet elementor-hidden-widescreen elementor-icon-list--layout-traditional elementor-list-item-link-full_width elementor-invisible elementor-widget elementor-widget-icon-list\" data-id=\"0a065a1\" data-element_type=\"widget\" data-e-type=\"widget\" data-settings=\"{&quot;_animation&quot;:&quot;fadeInUp&quot;,&quot;_animation_delay&quot;:300}\" data-widget_type=\"icon-list.default\">\n\t\t\t\t\t\t\t<ul class=\"elementor-icon-list-items\">\n\t\t\t\t\t\t\t<li class=\"elementor-icon-list-item\">\n\t\t\t\t\t\t\t\t\t\t\t<span class=\"elementor-icon-list-icon\">\n\t\t\t\t\t\t\t<svg xmlns=\"http:\/\/www.w3.org\/2000\/svg\" id=\"Capa_1\" height=\"512\" viewBox=\"0 0 512 512\" width=\"512\"><g><path d=\"m504.5 62.5h-497c-4.142 0-7.5 3.357-7.5 7.5v372c0 4.143 3.358 7.5 7.5 7.5h497c4.142 0 7.5-3.357 7.5-7.5v-372c0-4.143-3.358-7.5-7.5-7.5zm-147.057 209.409c-2.929-2.928-7.678-2.928-10.606 0-2.929 2.93-2.929 7.678 0 10.607l143.573 143.575c2.412 2.412 4.184 5.285 5.287 8.409h-479.394c1.103-3.125 2.875-5.997 5.287-8.409l143.574-143.574c2.929-2.93 2.929-7.678 0-10.607-2.929-2.928-7.678-2.928-10.606 0l-139.558 139.557v-310.934l193.271 193.271c12.749 12.749 29.7 19.771 47.729 19.771s34.98-7.021 47.729-19.771l193.271-193.271v310.934zm-341.14-194.409h479.395c-1.103 3.125-2.875 5.997-5.287 8.409l-197.288 197.287c-9.916 9.916-23.1 15.378-37.123 15.378s-27.207-5.462-37.123-15.378l-197.287-197.287c-2.412-2.412-4.184-5.284-5.287-8.409z\"><\/path><\/g><\/svg>\t\t\t\t\t\t<\/span>\n\t\t\t\t\t\t\t\t\t\t<span class=\"elementor-icon-list-text\">kontakt@doit-studio.com<\/span>\n\t\t\t\t\t\t\t\t\t<\/li>\n\t\t\t\t\t\t\t\t<li class=\"elementor-icon-list-item\">\n\t\t\t\t\t\t\t\t\t\t\t<a href=\"tel:+48%20508%20533%20161\">\n\n\t\t\t\t\t\t\t\t\t\t\t\t<span class=\"elementor-icon-list-icon\">\n\t\t\t\t\t\t\t<svg xmlns=\"http:\/\/www.w3.org\/2000\/svg\" xmlns:xlink=\"http:\/\/www.w3.org\/1999\/xlink\" viewBox=\"0 0 463.009 463.009\"><g><path d=\"m462.692,381.085c-1.472-11.126-7.895-20.719-17.62-26.318l-114.226-65.767c-13.99-8.055-31.738-5.71-43.157,5.708l-22.499,22.499c-5.987,5.988-15.459,6.518-22.028,1.231-17.737-14.272-35.201-29.979-51.906-46.685-16.705-16.705-32.412-34.168-46.685-51.906-5.287-6.57-4.758-16.041 1.231-22.029l22.498-22.499c11.418-11.417 13.766-29.163 5.709-43.156l-65.767-114.226c-5.6-9.726-15.192-16.148-26.318-17.62-11.127-1.475-22.06,2.236-29.996,10.172l-33.901,33.902c-23.661,23.662-24.041,66.944-1.07,121.875 22.088,52.818 63.308,110.962 116.065,163.721 52.759,52.758 110.903,93.978 163.722,116.066 27.039,11.307 51.253,16.957 71.697,16.956 21.088,0 38.163-6.013 50.178-18.027l33.901-33.902c7.935-7.936 11.643-18.869 10.172-29.995zm-139.33-79.086l114.226,65.767c5.649,3.252 9.379,8.824 10.233,15.286 0.718,5.423-0.691,10.763-3.885,15.066l-151.805-86.638 6.165-6.165c6.631-6.631 16.941-7.994 25.066-3.316zm-243.406-286.811c6.463,0.855 12.034,4.585 15.286,10.234l65.767,114.226c4.68,8.127 3.316,18.435-3.315,25.065l-5.663,5.663-87.114-151.303c3.561-2.637 7.82-4.069 12.26-4.069 0.921-1.77636e-15 1.85,0.061 2.779,0.184zm328.055,419.187c-18.798,18.798-57.244,18.01-105.48-2.162-51.06-21.352-107.491-61.424-158.901-112.833-51.41-51.41-91.482-107.842-112.834-158.901-20.173-48.237-20.96-86.683-2.162-105.482l25.167-25.168 87.245,151.532-5.851,5.851c-11.415,11.416-12.409,29.488-2.311,42.04 14.609,18.156 30.68,36.024 47.764,53.108 17.086,17.085 34.954,33.156 53.109,47.765 12.55,10.098 30.622,9.105 42.04-2.312l5.338-5.338 152.016,86.759-25.14,25.141z\"><\/path><\/g><\/svg>\t\t\t\t\t\t<\/span>\n\t\t\t\t\t\t\t\t\t\t<span class=\"elementor-icon-list-text\"> +48 508 533 161<\/span>\n\t\t\t\t\t\t\t\t\t\t\t<\/a>\n\t\t\t\t\t\t\t\t\t<\/li>\n\t\t\t\t\t\t<\/ul>\n\t\t\t\t\t\t<\/div>\n\t\t\t\t<div class=\"elementor-element elementor-element-b2e115e elementor-button-align-center elementor-widget__width-initial animated-slow elementor-invisible elementor-widget elementor-widget-form\" data-id=\"b2e115e\" data-element_type=\"widget\" data-e-type=\"widget\" data-settings=\"{&quot;step_next_label&quot;:&quot;Nast\\u0119pny&quot;,&quot;step_previous_label&quot;:&quot;Poprzedni&quot;,&quot;_animation&quot;:&quot;fadeInUp&quot;,&quot;_animation_delay&quot;:400,&quot;button_width&quot;:&quot;100&quot;,&quot;step_type&quot;:&quot;number_text&quot;,&quot;step_icon_shape&quot;:&quot;circle&quot;}\" data-widget_type=\"form.default\">\n\t\t\t\t\t\t\t<form class=\"elementor-form\" method=\"post\" id=\"formularz\" name=\"Nowy formularz\" aria-label=\"Nowy formularz\">\n\t\t\t<input type=\"hidden\" name=\"post_id\" value=\"1811\"\/>\n\t\t\t<input type=\"hidden\" name=\"form_id\" value=\"b2e115e\"\/>\n\t\t\t<input type=\"hidden\" name=\"referer_title\" value=\"Karty lokali - Do It Studio Jaros\u0142aw Piszczek - 3D visualisations\" \/>\n\n\t\t\t\t\t\t\t<input type=\"hidden\" name=\"queried_id\" value=\"1015\"\/>\n\t\t\t\n\t\t\t<div class=\"elementor-form-fields-wrapper elementor-labels-\">\n\t\t\t\t\t\t\t\t<div class=\"elementor-field-type-text elementor-field-group elementor-column elementor-field-group-name elementor-col-50 elementor-field-required\">\n\t\t\t\t\t\t\t\t\t\t\t\t<label for=\"form-field-name\" class=\"elementor-field-label elementor-screen-only\">\n\t\t\t\t\t\t\t\tImi\u0119 i nazwisko\t\t\t\t\t\t\t<\/label>\n\t\t\t\t\t\t\t\t\t\t\t\t\t\t<input size=\"1\" type=\"text\" name=\"form_fields[name]\" id=\"form-field-name\" class=\"elementor-field elementor-size-md  elementor-field-textual\" placeholder=\"Imi\u0119 i nazwisko\" required=\"required\">\n\t\t\t\t\t\t\t\t\t\t\t<\/div>\n\t\t\t\t\t\t\t\t<div class=\"elementor-field-type-email elementor-field-group elementor-column elementor-field-group-email elementor-col-50 elementor-field-required\">\n\t\t\t\t\t\t\t\t\t\t\t\t<label for=\"form-field-email\" class=\"elementor-field-label elementor-screen-only\">\n\t\t\t\t\t\t\t\tE-mail\t\t\t\t\t\t\t<\/label>\n\t\t\t\t\t\t\t\t\t\t\t\t\t\t<input size=\"1\" type=\"email\" name=\"form_fields[email]\" id=\"form-field-email\" class=\"elementor-field elementor-size-md  elementor-field-textual\" placeholder=\"E-mail\" required=\"required\">\n\t\t\t\t\t\t\t\t\t\t\t<\/div>\n\t\t\t\t\t\t\t\t<div class=\"elementor-field-type-textarea elementor-field-group elementor-column elementor-field-group-message elementor-col-100 elementor-field-required\">\n\t\t\t\t\t\t\t\t\t\t\t\t<label for=\"form-field-message\" class=\"elementor-field-label elementor-screen-only\">\n\t\t\t\t\t\t\t\tWiadomo\u015b\u0107\t\t\t\t\t\t\t<\/label>\n\t\t\t\t\t\t<textarea class=\"elementor-field-textual elementor-field  elementor-size-md\" name=\"form_fields[message]\" id=\"form-field-message\" rows=\"4\" placeholder=\"Twoja wiadomo\u015b\u0107\" required=\"required\"><\/textarea>\t\t\t\t<\/div>\n\t\t\t\t\t\t\t\t<div class=\"elementor-field-type-acceptance elementor-field-group elementor-column elementor-field-group-field_1c62897 elementor-col-100 elementor-field-required\">\n\t\t\t\t\t\t\t<div class=\"elementor-field-subgroup\">\n\t\t\t<span class=\"elementor-field-option\">\n\t\t\t\t<input type=\"checkbox\" name=\"form_fields[field_1c62897]\" id=\"form-field-field_1c62897\" class=\"elementor-field elementor-size-md  elementor-acceptance-field\" required=\"required\">\n\t\t\t\t<label for=\"form-field-field_1c62897\">Wyra\u017cam zgod\u0119 na przetwarzanie danych osobowych zgodnie z ustaw\u0105 o ochronie danych osobowych ze zwi\u0105zku z wys\u0142aniem zapytania za po\u015brednictwem powy\u017cszego formularza kontaktowego. Podanie danych jest dobrowolne, ale niezb\u0119dne do przetworzenia i odpowiedzi na zapytanie. *<\/label>\t\t\t<\/span>\n\t\t<\/div>\n\t\t\t\t\t\t<\/div>\n\t\t\t\t\t\t\t\t<div class=\"elementor-field-type-recaptcha_v3 elementor-field-group elementor-column elementor-field-group-field_80eb40f elementor-col-100 recaptcha_v3-bottomleft\">\n\t\t\t\t\t<div class=\"elementor-field\" id=\"form-field-field_80eb40f\"><div class=\"elementor-g-recaptcha\" data-sitekey=\"6Ldnq6QrAAAAAOEsxghe1T9KNLTnu1F8NQBeJ3_F\" data-type=\"v3\" data-action=\"Form\" data-badge=\"bottomleft\" data-size=\"invisible\"><\/div><\/div>\t\t\t\t<\/div>\n\t\t\t\t\t\t\t\t<div class=\"elementor-field-group elementor-column elementor-field-type-submit elementor-col-100 e-form__buttons\">\n\t\t\t\t\t<button class=\"elementor-button elementor-size-md\" type=\"submit\">\n\t\t\t\t\t\t<span class=\"elementor-button-content-wrapper\">\n\t\t\t\t\t\t\t\t\t\t\t\t\t\t\t<span class=\"elementor-button-icon\">\n\t\t\t\t\t\t\t\t\t<svg xmlns=\"http:\/\/www.w3.org\/2000\/svg\" xmlns:xlink=\"http:\/\/www.w3.org\/1999\/xlink\" id=\"Capa_1\" x=\"0px\" y=\"0px\" viewBox=\"0 0 512.009 512.009\" style=\"enable-background:new 0 0 512.009 512.009;\" xml:space=\"preserve\"><g>\t<g>\t\t<path d=\"M508.625,247.801L508.625,247.801L392.262,131.437c-4.18-4.881-11.526-5.45-16.407-1.269   c-4.881,4.18-5.45,11.526-1.269,16.407c0.39,0.455,0.814,0.88,1.269,1.269l96.465,96.582H11.636C5.21,244.426,0,249.636,0,256.063   s5.21,11.636,11.636,11.636H472.32l-96.465,96.465c-4.881,4.18-5.45,11.526-1.269,16.407s11.526,5.45,16.407,1.269   c0.455-0.39,0.88-0.814,1.269-1.269l116.364-116.364C513.137,259.67,513.137,252.34,508.625,247.801z\"><\/path>\t<\/g><\/g><g><\/g><g><\/g><g><\/g><g><\/g><g><\/g><g><\/g><g><\/g><g><\/g><g><\/g><g><\/g><g><\/g><g><\/g><g><\/g><g><\/g><g><\/g><\/svg>\t\t\t\t\t\t\t\t\t\t\t\t\t\t\t\t\t<\/span>\n\t\t\t\t\t\t\t\t\t\t\t\t\t\t\t\t\t\t\t\t\t\t<span class=\"elementor-button-text\">Wy\u015blij wiadomo\u015b\u0107<\/span>\n\t\t\t\t\t\t\t\t\t\t\t\t\t<\/span>\n\t\t\t\t\t<\/button>\n\t\t\t\t<\/div>\n\t\t\t<\/div>\n\t\t<\/form>\n\t\t\t\t\t\t<\/div>\n\t\t\t\t\t<\/div>\n\t\t\t\t<\/div>\n\t\t\t\t<\/div>\n\t\t\t\t<\/div>\n\t\t\t\t\t\t<\/div>\n\t\t\t\t<\/div>\n\t\t\t\t\t<\/div>\n\t\t\t\t<\/div>\n\t\t\t\t<\/div>\n\t\t","protected":false},"excerpt":{"rendered":"<p>Wirtualny spacer 360\u00b0 W dobie wci\u0105\u017c rozwijaj\u0105cej si\u0119 technologii coraz cz\u0119\u015bciej wykorzystuje si\u0119 wirtualne spacery do prezentacji sprzedawanej inwestycji. Technologia VR pozwala niejako na \u017cywo ogl\u0105da\u0107 realizowan\u0105 inwestycj\u0119. Klient mo\u017ce przemieszcza\u0107 si\u0119 pomi\u0119dzy punktami, przechodzi\u0107 z pomieszczenia do pomieszczenia, porusza\u0107 wok\u00f3\u0142 inwestycji. Wirtualny spacer pozwala rozejrze\u0107 si\u0119 wok\u00f3\u0142 siebie, dostrzec ka\u017cde, nawet najmniejsze detale cz\u0119sto [&hellip;]<\/p>\n","protected":false},"author":1,"featured_media":0,"parent":0,"menu_order":0,"comment_status":"closed","ping_status":"closed","template":"","meta":{"_acf_changed":false,"footnotes":""},"class_list":["post-1032","page","type-page","status-publish","hentry"],"acf":[],"_links":{"self":[{"href":"https:\/\/doit-studio.com\/en\/wp-json\/wp\/v2\/pages\/1032","targetHints":{"allow":["GET"]}}],"collection":[{"href":"https:\/\/doit-studio.com\/en\/wp-json\/wp\/v2\/pages"}],"about":[{"href":"https:\/\/doit-studio.com\/en\/wp-json\/wp\/v2\/types\/page"}],"author":[{"embeddable":true,"href":"https:\/\/doit-studio.com\/en\/wp-json\/wp\/v2\/users\/1"}],"replies":[{"embeddable":true,"href":"https:\/\/doit-studio.com\/en\/wp-json\/wp\/v2\/comments?post=1032"}],"version-history":[{"count":40,"href":"https:\/\/doit-studio.com\/en\/wp-json\/wp\/v2\/pages\/1032\/revisions"}],"predecessor-version":[{"id":1842,"href":"https:\/\/doit-studio.com\/en\/wp-json\/wp\/v2\/pages\/1032\/revisions\/1842"}],"wp:attachment":[{"href":"https:\/\/doit-studio.com\/en\/wp-json\/wp\/v2\/media?parent=1032"}],"curies":[{"name":"wp","href":"https:\/\/api.w.org\/{rel}","templated":true}]}}