{"id":731,"date":"2025-07-31T09:39:19","date_gmt":"2025-07-31T07:39:19","guid":{"rendered":"https:\/\/doit-studio.com\/?page_id=731"},"modified":"2025-08-19T15:11:05","modified_gmt":"2025-08-19T13:11:05","slug":"faq","status":"publish","type":"page","link":"https:\/\/doit-studio.com\/en\/faq\/","title":{"rendered":"FAQ"},"content":{"rendered":"<div data-elementor-type=\"wp-page\" data-elementor-id=\"731\" class=\"elementor elementor-731\" data-elementor-post-type=\"page\">\n\t\t\t\t<div data-particle_enable=\"false\" data-particle-mobile-disabled=\"false\" class=\"elementor-element elementor-element-15dc8f2 e-flex e-con-boxed e-con e-parent\" data-id=\"15dc8f2\" data-element_type=\"container\" data-e-type=\"container\">\n\t\t\t\t\t<div class=\"e-con-inner\">\n\t\t\t\t<div class=\"elementor-element elementor-element-9e50fb8 animated-slow elementor-invisible elementor-widget elementor-widget-heading\" data-id=\"9e50fb8\" data-element_type=\"widget\" data-e-type=\"widget\" data-settings=\"{&quot;_animation&quot;:&quot;fadeInUp&quot;,&quot;_animation_delay&quot;:100}\" data-widget_type=\"heading.default\">\n\t\t\t\t\t<h2 class=\"elementor-heading-title elementor-size-default\">Frequently asked questions<\/h2>\t\t\t\t<\/div>\n\t\t\t\t<div class=\"elementor-element elementor-element-6fd2de8 animated-slow elementor-invisible elementor-widget elementor-widget-n-accordion\" data-id=\"6fd2de8\" data-element_type=\"widget\" data-e-type=\"widget\" data-settings=\"{&quot;_animation&quot;:&quot;fadeInUp&quot;,&quot;default_state&quot;:&quot;expanded&quot;,&quot;max_items_expended&quot;:&quot;one&quot;,&quot;n_accordion_animation_duration&quot;:{&quot;unit&quot;:&quot;ms&quot;,&quot;size&quot;:400,&quot;sizes&quot;:[]}}\" data-widget_type=\"nested-accordion.default\">\n\t\t\t\t\t\t\t<div class=\"e-n-accordion\" aria-label=\"Accordion. Open links with Enter or Space, close with Escape, and navigate with Arrow Keys\">\n\t\t\t\t\t\t<details id=\"e-n-accordion-item-1170\" class=\"e-n-accordion-item\" open>\n\t\t\t\t<summary class=\"e-n-accordion-item-title\" data-accordion-index=\"1\" tabindex=\"0\" aria-expanded=\"true\" aria-controls=\"e-n-accordion-item-1170\" >\n\t\t\t\t\t<span class='e-n-accordion-item-title-header'><div class=\"e-n-accordion-item-title-text\"> Where is the company based? <\/div><\/span>\n\t\t\t\t\t\t\t<span class='e-n-accordion-item-title-icon'>\n\t\t\t<span class='e-opened' ><svg xmlns=\"http:\/\/www.w3.org\/2000\/svg\" xmlns:xlink=\"http:\/\/www.w3.org\/1999\/xlink\" id=\"Capa_1\" x=\"0px\" y=\"0px\" viewbox=\"0 0 469.333 469.333\" style=\"enable-background:new 0 0 469.333 469.333;\" xml:space=\"preserve\"><g>\t<g>\t\t<path d=\"M458.667,224h-448C4.779,224,0,228.779,0,234.667s4.779,10.667,10.667,10.667h448c5.888,0,10.667-4.779,10.667-10.667   S464.555,224,458.667,224z\"><\/path>\t<\/g><\/g><g><\/g><g><\/g><g><\/g><g><\/g><g><\/g><g><\/g><g><\/g><g><\/g><g><\/g><g><\/g><g><\/g><g><\/g><g><\/g><g><\/g><g><\/g><\/svg><\/span>\n\t\t\t<span class='e-closed'><svg xmlns=\"http:\/\/www.w3.org\/2000\/svg\" xmlns:xlink=\"http:\/\/www.w3.org\/1999\/xlink\" id=\"Capa_1\" x=\"0px\" y=\"0px\" viewbox=\"0 0 490.667 490.667\" style=\"enable-background:new 0 0 490.667 490.667;\" xml:space=\"preserve\"><g>\t<g>\t\t<path d=\"M480,234.667H256v-224C256,4.779,251.221,0,245.333,0s-10.667,4.779-10.667,10.667v224h-224   C4.779,234.667,0,239.445,0,245.333S4.779,256,10.667,256h224v224c0,5.888,4.779,10.667,10.667,10.667S256,485.888,256,480V256   h224c5.888,0,10.667-4.779,10.667-10.667S485.888,234.667,480,234.667z\"><\/path>\t<\/g><\/g><g><\/g><g><\/g><g><\/g><g><\/g><g><\/g><g><\/g><g><\/g><g><\/g><g><\/g><g><\/g><g><\/g><g><\/g><g><\/g><g><\/g><g><\/g><\/svg><\/span>\n\t\t<\/span>\n\n\t\t\t\t\t\t<\/summary>\n\t\t\t\t<div data-particle_enable=\"false\" data-particle-mobile-disabled=\"false\" role=\"region\" aria-labelledby=\"e-n-accordion-item-1170\" class=\"elementor-element elementor-element-0b523c9 e-con-full e-flex e-con e-child\" data-id=\"0b523c9\" data-element_type=\"container\" data-e-type=\"container\">\n\t\t\t\t<div class=\"elementor-element elementor-element-6b240d0 elementor-widget elementor-widget-text-editor\" data-id=\"6b240d0\" data-element_type=\"widget\" data-e-type=\"widget\" data-widget_type=\"text-editor.default\">\n\t\t\t\t\t\t\t\t\t<p>The company is based in Bachowice, in the Ma\u0142opolska Province. However, I provide my services throughout Poland and abroad, as the nature of my work allows me to work 100% remotely.<\/p>\t\t\t\t\t\t\t\t<\/div>\n\t\t\t\t<\/div>\n\t\t\t\t\t<\/details>\n\t\t\t\t\t\t<details id=\"e-n-accordion-item-1171\" class=\"e-n-accordion-item\" >\n\t\t\t\t<summary class=\"e-n-accordion-item-title\" data-accordion-index=\"2\" tabindex=\"-1\" aria-expanded=\"false\" aria-controls=\"e-n-accordion-item-1171\" >\n\t\t\t\t\t<span class='e-n-accordion-item-title-header'><div class=\"e-n-accordion-item-title-text\"> What are the company's opening hours? <\/div><\/span>\n\t\t\t\t\t\t\t<span class='e-n-accordion-item-title-icon'>\n\t\t\t<span class='e-opened' ><svg xmlns=\"http:\/\/www.w3.org\/2000\/svg\" xmlns:xlink=\"http:\/\/www.w3.org\/1999\/xlink\" id=\"Capa_1\" x=\"0px\" y=\"0px\" viewbox=\"0 0 469.333 469.333\" style=\"enable-background:new 0 0 469.333 469.333;\" xml:space=\"preserve\"><g>\t<g>\t\t<path d=\"M458.667,224h-448C4.779,224,0,228.779,0,234.667s4.779,10.667,10.667,10.667h448c5.888,0,10.667-4.779,10.667-10.667   S464.555,224,458.667,224z\"><\/path>\t<\/g><\/g><g><\/g><g><\/g><g><\/g><g><\/g><g><\/g><g><\/g><g><\/g><g><\/g><g><\/g><g><\/g><g><\/g><g><\/g><g><\/g><g><\/g><g><\/g><\/svg><\/span>\n\t\t\t<span class='e-closed'><svg xmlns=\"http:\/\/www.w3.org\/2000\/svg\" xmlns:xlink=\"http:\/\/www.w3.org\/1999\/xlink\" id=\"Capa_1\" x=\"0px\" y=\"0px\" viewbox=\"0 0 490.667 490.667\" style=\"enable-background:new 0 0 490.667 490.667;\" xml:space=\"preserve\"><g>\t<g>\t\t<path d=\"M480,234.667H256v-224C256,4.779,251.221,0,245.333,0s-10.667,4.779-10.667,10.667v224h-224   C4.779,234.667,0,239.445,0,245.333S4.779,256,10.667,256h224v224c0,5.888,4.779,10.667,10.667,10.667S256,485.888,256,480V256   h224c5.888,0,10.667-4.779,10.667-10.667S485.888,234.667,480,234.667z\"><\/path>\t<\/g><\/g><g><\/g><g><\/g><g><\/g><g><\/g><g><\/g><g><\/g><g><\/g><g><\/g><g><\/g><g><\/g><g><\/g><g><\/g><g><\/g><g><\/g><g><\/g><\/svg><\/span>\n\t\t<\/span>\n\n\t\t\t\t\t\t<\/summary>\n\t\t\t\t<div data-particle_enable=\"false\" data-particle-mobile-disabled=\"false\" role=\"region\" aria-labelledby=\"e-n-accordion-item-1171\" class=\"elementor-element elementor-element-b244cba e-con-full e-flex e-con e-child\" data-id=\"b244cba\" data-element_type=\"container\" data-e-type=\"container\">\n\t\t\t\t<div class=\"elementor-element elementor-element-d58d9b5 elementor-widget elementor-widget-text-editor\" data-id=\"d58d9b5\" data-element_type=\"widget\" data-e-type=\"widget\" data-widget_type=\"text-editor.default\">\n\t\t\t\t\t\t\t\t\t<p>I work from 8 a.m. to 4 p.m., Monday to Friday. I do not stay after hours. I do not work on weekends. During working hours, I am available by phone and email at all times. I respect your time very much \u2013 please respect mine as well.<\/p>\t\t\t\t\t\t\t\t<\/div>\n\t\t\t\t<\/div>\n\t\t\t\t\t<\/details>\n\t\t\t\t\t\t<details id=\"e-n-accordion-item-1172\" class=\"e-n-accordion-item\" >\n\t\t\t\t<summary class=\"e-n-accordion-item-title\" data-accordion-index=\"3\" tabindex=\"-1\" aria-expanded=\"false\" aria-controls=\"e-n-accordion-item-1172\" >\n\t\t\t\t\t<span class='e-n-accordion-item-title-header'><div class=\"e-n-accordion-item-title-text\"> Are invoices issued for the service? <\/div><\/span>\n\t\t\t\t\t\t\t<span class='e-n-accordion-item-title-icon'>\n\t\t\t<span class='e-opened' ><svg xmlns=\"http:\/\/www.w3.org\/2000\/svg\" xmlns:xlink=\"http:\/\/www.w3.org\/1999\/xlink\" id=\"Capa_1\" x=\"0px\" y=\"0px\" viewbox=\"0 0 469.333 469.333\" style=\"enable-background:new 0 0 469.333 469.333;\" xml:space=\"preserve\"><g>\t<g>\t\t<path d=\"M458.667,224h-448C4.779,224,0,228.779,0,234.667s4.779,10.667,10.667,10.667h448c5.888,0,10.667-4.779,10.667-10.667   S464.555,224,458.667,224z\"><\/path>\t<\/g><\/g><g><\/g><g><\/g><g><\/g><g><\/g><g><\/g><g><\/g><g><\/g><g><\/g><g><\/g><g><\/g><g><\/g><g><\/g><g><\/g><g><\/g><g><\/g><\/svg><\/span>\n\t\t\t<span class='e-closed'><svg xmlns=\"http:\/\/www.w3.org\/2000\/svg\" xmlns:xlink=\"http:\/\/www.w3.org\/1999\/xlink\" id=\"Capa_1\" x=\"0px\" y=\"0px\" viewbox=\"0 0 490.667 490.667\" style=\"enable-background:new 0 0 490.667 490.667;\" xml:space=\"preserve\"><g>\t<g>\t\t<path d=\"M480,234.667H256v-224C256,4.779,251.221,0,245.333,0s-10.667,4.779-10.667,10.667v224h-224   C4.779,234.667,0,239.445,0,245.333S4.779,256,10.667,256h224v224c0,5.888,4.779,10.667,10.667,10.667S256,485.888,256,480V256   h224c5.888,0,10.667-4.779,10.667-10.667S485.888,234.667,480,234.667z\"><\/path>\t<\/g><\/g><g><\/g><g><\/g><g><\/g><g><\/g><g><\/g><g><\/g><g><\/g><g><\/g><g><\/g><g><\/g><g><\/g><g><\/g><g><\/g><g><\/g><g><\/g><\/svg><\/span>\n\t\t<\/span>\n\n\t\t\t\t\t\t<\/summary>\n\t\t\t\t<div data-particle_enable=\"false\" data-particle-mobile-disabled=\"false\" role=\"region\" aria-labelledby=\"e-n-accordion-item-1172\" class=\"elementor-element elementor-element-ef435ea e-con-full e-flex e-con e-child\" data-id=\"ef435ea\" data-element_type=\"container\" data-e-type=\"container\">\n\t\t\t\t<div class=\"elementor-element elementor-element-448a3f5 elementor-widget elementor-widget-text-editor\" data-id=\"448a3f5\" data-element_type=\"widget\" data-e-type=\"widget\" data-widget_type=\"text-editor.default\">\n\t\t\t\t\t\t\t\t\t<p>Yes, you will receive an invoice from me for the service provided as part of my business activity.<\/p>\t\t\t\t\t\t\t\t<\/div>\n\t\t\t\t<\/div>\n\t\t\t\t\t<\/details>\n\t\t\t\t\t\t<details id=\"e-n-accordion-item-1173\" class=\"e-n-accordion-item\" >\n\t\t\t\t<summary class=\"e-n-accordion-item-title\" data-accordion-index=\"4\" tabindex=\"-1\" aria-expanded=\"false\" aria-controls=\"e-n-accordion-item-1173\" >\n\t\t\t\t\t<span class='e-n-accordion-item-title-header'><div class=\"e-n-accordion-item-title-text\"> What is the cost of creating a 3D visualisation? <\/div><\/span>\n\t\t\t\t\t\t\t<span class='e-n-accordion-item-title-icon'>\n\t\t\t<span class='e-opened' ><svg xmlns=\"http:\/\/www.w3.org\/2000\/svg\" xmlns:xlink=\"http:\/\/www.w3.org\/1999\/xlink\" id=\"Capa_1\" x=\"0px\" y=\"0px\" viewbox=\"0 0 469.333 469.333\" style=\"enable-background:new 0 0 469.333 469.333;\" xml:space=\"preserve\"><g>\t<g>\t\t<path d=\"M458.667,224h-448C4.779,224,0,228.779,0,234.667s4.779,10.667,10.667,10.667h448c5.888,0,10.667-4.779,10.667-10.667   S464.555,224,458.667,224z\"><\/path>\t<\/g><\/g><g><\/g><g><\/g><g><\/g><g><\/g><g><\/g><g><\/g><g><\/g><g><\/g><g><\/g><g><\/g><g><\/g><g><\/g><g><\/g><g><\/g><g><\/g><\/svg><\/span>\n\t\t\t<span class='e-closed'><svg xmlns=\"http:\/\/www.w3.org\/2000\/svg\" xmlns:xlink=\"http:\/\/www.w3.org\/1999\/xlink\" id=\"Capa_1\" x=\"0px\" y=\"0px\" viewbox=\"0 0 490.667 490.667\" style=\"enable-background:new 0 0 490.667 490.667;\" xml:space=\"preserve\"><g>\t<g>\t\t<path d=\"M480,234.667H256v-224C256,4.779,251.221,0,245.333,0s-10.667,4.779-10.667,10.667v224h-224   C4.779,234.667,0,239.445,0,245.333S4.779,256,10.667,256h224v224c0,5.888,4.779,10.667,10.667,10.667S256,485.888,256,480V256   h224c5.888,0,10.667-4.779,10.667-10.667S485.888,234.667,480,234.667z\"><\/path>\t<\/g><\/g><g><\/g><g><\/g><g><\/g><g><\/g><g><\/g><g><\/g><g><\/g><g><\/g><g><\/g><g><\/g><g><\/g><g><\/g><g><\/g><g><\/g><g><\/g><\/svg><\/span>\n\t\t<\/span>\n\n\t\t\t\t\t\t<\/summary>\n\t\t\t\t<div data-particle_enable=\"false\" data-particle-mobile-disabled=\"false\" role=\"region\" aria-labelledby=\"e-n-accordion-item-1173\" class=\"elementor-element elementor-element-f25988e e-con-full e-flex e-con e-child\" data-id=\"f25988e\" data-element_type=\"container\" data-e-type=\"container\">\n\t\t\t\t<div class=\"elementor-element elementor-element-712a9e8 elementor-widget elementor-widget-text-editor\" data-id=\"712a9e8\" data-element_type=\"widget\" data-e-type=\"widget\" data-widget_type=\"text-editor.default\">\n\t\t\t\t\t\t\t\t\t<p>There is no universal price list. The cost depends on many factors and the scope of the service. The cost of architectural visualisation differs from the cost of interior or product visualisation. The complexity of the 3D visualisation is also important. Providing a price range is completely inaccurate and pointless. In order to receive a detailed quote, please send me the materials, the scope of work to be performed and your expectations. If you are unsure, please contact me. We will discuss your needs, select the appropriate scope of work and prepare an offer for you.<\/p>\t\t\t\t\t\t\t\t<\/div>\n\t\t\t\t<\/div>\n\t\t\t\t\t<\/details>\n\t\t\t\t\t\t<details id=\"e-n-accordion-item-1174\" class=\"e-n-accordion-item\" >\n\t\t\t\t<summary class=\"e-n-accordion-item-title\" data-accordion-index=\"5\" tabindex=\"-1\" aria-expanded=\"false\" aria-controls=\"e-n-accordion-item-1174\" >\n\t\t\t\t\t<span class='e-n-accordion-item-title-header'><div class=\"e-n-accordion-item-title-text\"> What is the deadline for completing the visualisation? <\/div><\/span>\n\t\t\t\t\t\t\t<span class='e-n-accordion-item-title-icon'>\n\t\t\t<span class='e-opened' ><svg xmlns=\"http:\/\/www.w3.org\/2000\/svg\" xmlns:xlink=\"http:\/\/www.w3.org\/1999\/xlink\" id=\"Capa_1\" x=\"0px\" y=\"0px\" viewbox=\"0 0 469.333 469.333\" style=\"enable-background:new 0 0 469.333 469.333;\" xml:space=\"preserve\"><g>\t<g>\t\t<path d=\"M458.667,224h-448C4.779,224,0,228.779,0,234.667s4.779,10.667,10.667,10.667h448c5.888,0,10.667-4.779,10.667-10.667   S464.555,224,458.667,224z\"><\/path>\t<\/g><\/g><g><\/g><g><\/g><g><\/g><g><\/g><g><\/g><g><\/g><g><\/g><g><\/g><g><\/g><g><\/g><g><\/g><g><\/g><g><\/g><g><\/g><g><\/g><\/svg><\/span>\n\t\t\t<span class='e-closed'><svg xmlns=\"http:\/\/www.w3.org\/2000\/svg\" xmlns:xlink=\"http:\/\/www.w3.org\/1999\/xlink\" id=\"Capa_1\" x=\"0px\" y=\"0px\" viewbox=\"0 0 490.667 490.667\" style=\"enable-background:new 0 0 490.667 490.667;\" xml:space=\"preserve\"><g>\t<g>\t\t<path d=\"M480,234.667H256v-224C256,4.779,251.221,0,245.333,0s-10.667,4.779-10.667,10.667v224h-224   C4.779,234.667,0,239.445,0,245.333S4.779,256,10.667,256h224v224c0,5.888,4.779,10.667,10.667,10.667S256,485.888,256,480V256   h224c5.888,0,10.667-4.779,10.667-10.667S485.888,234.667,480,234.667z\"><\/path>\t<\/g><\/g><g><\/g><g><\/g><g><\/g><g><\/g><g><\/g><g><\/g><g><\/g><g><\/g><g><\/g><g><\/g><g><\/g><g><\/g><g><\/g><g><\/g><g><\/g><\/svg><\/span>\n\t\t<\/span>\n\n\t\t\t\t\t\t<\/summary>\n\t\t\t\t<div data-particle_enable=\"false\" data-particle-mobile-disabled=\"false\" role=\"region\" aria-labelledby=\"e-n-accordion-item-1174\" class=\"elementor-element elementor-element-48218c0 e-con-full e-flex e-con e-child\" data-id=\"48218c0\" data-element_type=\"container\" data-e-type=\"container\">\n\t\t\t\t<div class=\"elementor-element elementor-element-de178bd elementor-widget elementor-widget-text-editor\" data-id=\"de178bd\" data-element_type=\"widget\" data-e-type=\"widget\" data-widget_type=\"text-editor.default\">\n\t\t\t\t\t\t\t\t\t<p>The start date for work and the completion of 3D visualisations depends on my current schedule. The completion date depends on the scope of work to be performed. Both dates are set individually. Sometimes, the agreed start date may be brought forward, depending on the progress of current orders. It is never extended, unless there are unforeseen circumstances beyond my control. You will be kept informed of all deadlines and changes.<\/p>\t\t\t\t\t\t\t\t<\/div>\n\t\t\t\t<\/div>\n\t\t\t\t\t<\/details>\n\t\t\t\t\t\t<details id=\"e-n-accordion-item-1175\" class=\"e-n-accordion-item\" >\n\t\t\t\t<summary class=\"e-n-accordion-item-title\" data-accordion-index=\"6\" tabindex=\"-1\" aria-expanded=\"false\" aria-controls=\"e-n-accordion-item-1175\" >\n\t\t\t\t\t<span class='e-n-accordion-item-title-header'><div class=\"e-n-accordion-item-title-text\"> What will I receive as result of the 3D visualisation service? <\/div><\/span>\n\t\t\t\t\t\t\t<span class='e-n-accordion-item-title-icon'>\n\t\t\t<span class='e-opened' ><svg xmlns=\"http:\/\/www.w3.org\/2000\/svg\" xmlns:xlink=\"http:\/\/www.w3.org\/1999\/xlink\" id=\"Capa_1\" x=\"0px\" y=\"0px\" viewbox=\"0 0 469.333 469.333\" style=\"enable-background:new 0 0 469.333 469.333;\" xml:space=\"preserve\"><g>\t<g>\t\t<path d=\"M458.667,224h-448C4.779,224,0,228.779,0,234.667s4.779,10.667,10.667,10.667h448c5.888,0,10.667-4.779,10.667-10.667   S464.555,224,458.667,224z\"><\/path>\t<\/g><\/g><g><\/g><g><\/g><g><\/g><g><\/g><g><\/g><g><\/g><g><\/g><g><\/g><g><\/g><g><\/g><g><\/g><g><\/g><g><\/g><g><\/g><g><\/g><\/svg><\/span>\n\t\t\t<span class='e-closed'><svg xmlns=\"http:\/\/www.w3.org\/2000\/svg\" xmlns:xlink=\"http:\/\/www.w3.org\/1999\/xlink\" id=\"Capa_1\" x=\"0px\" y=\"0px\" viewbox=\"0 0 490.667 490.667\" style=\"enable-background:new 0 0 490.667 490.667;\" xml:space=\"preserve\"><g>\t<g>\t\t<path d=\"M480,234.667H256v-224C256,4.779,251.221,0,245.333,0s-10.667,4.779-10.667,10.667v224h-224   C4.779,234.667,0,239.445,0,245.333S4.779,256,10.667,256h224v224c0,5.888,4.779,10.667,10.667,10.667S256,485.888,256,480V256   h224c5.888,0,10.667-4.779,10.667-10.667S485.888,234.667,480,234.667z\"><\/path>\t<\/g><\/g><g><\/g><g><\/g><g><\/g><g><\/g><g><\/g><g><\/g><g><\/g><g><\/g><g><\/g><g><\/g><g><\/g><g><\/g><g><\/g><g><\/g><g><\/g><\/svg><\/span>\n\t\t<\/span>\n\n\t\t\t\t\t\t<\/summary>\n\t\t\t\t<div data-particle_enable=\"false\" data-particle-mobile-disabled=\"false\" role=\"region\" aria-labelledby=\"e-n-accordion-item-1175\" class=\"elementor-element elementor-element-725ffc7 e-con-full e-flex e-con e-child\" data-id=\"725ffc7\" data-element_type=\"container\" data-e-type=\"container\">\n\t\t\t\t<div class=\"elementor-element elementor-element-7ca312a elementor-widget elementor-widget-text-editor\" data-id=\"7ca312a\" data-element_type=\"widget\" data-e-type=\"widget\" data-widget_type=\"text-editor.default\">\n\t\t\t\t\t\t\t\t\t<p>As result of the 3D visualisation service, you will receive graphic files ready for use on your website, in sales offers, on social media and elsewhere. The graphics are adjusted in terms of resolution to their intended use \u2013 website, social media, banner printing. As part of the premises card implementation, you will also receive a PDF document. As part of the 3D animation, you will receive a video from me. As part of the virtual tour, you will receive a link to the tour and a special code allowing you to embed the tour on your website.<\/p>\t\t\t\t\t\t\t\t<\/div>\n\t\t\t\t<\/div>\n\t\t\t\t\t<\/details>\n\t\t\t\t\t\t<details id=\"e-n-accordion-item-1176\" class=\"e-n-accordion-item\" >\n\t\t\t\t<summary class=\"e-n-accordion-item-title\" data-accordion-index=\"7\" tabindex=\"-1\" aria-expanded=\"false\" aria-controls=\"e-n-accordion-item-1176\" >\n\t\t\t\t\t<span class='e-n-accordion-item-title-header'><div class=\"e-n-accordion-item-title-text\"> How does cooperation on 3D visualisations work? <\/div><\/span>\n\t\t\t\t\t\t\t<span class='e-n-accordion-item-title-icon'>\n\t\t\t<span class='e-opened' ><svg xmlns=\"http:\/\/www.w3.org\/2000\/svg\" xmlns:xlink=\"http:\/\/www.w3.org\/1999\/xlink\" id=\"Capa_1\" x=\"0px\" y=\"0px\" viewbox=\"0 0 469.333 469.333\" style=\"enable-background:new 0 0 469.333 469.333;\" xml:space=\"preserve\"><g>\t<g>\t\t<path d=\"M458.667,224h-448C4.779,224,0,228.779,0,234.667s4.779,10.667,10.667,10.667h448c5.888,0,10.667-4.779,10.667-10.667   S464.555,224,458.667,224z\"><\/path>\t<\/g><\/g><g><\/g><g><\/g><g><\/g><g><\/g><g><\/g><g><\/g><g><\/g><g><\/g><g><\/g><g><\/g><g><\/g><g><\/g><g><\/g><g><\/g><g><\/g><\/svg><\/span>\n\t\t\t<span class='e-closed'><svg xmlns=\"http:\/\/www.w3.org\/2000\/svg\" xmlns:xlink=\"http:\/\/www.w3.org\/1999\/xlink\" id=\"Capa_1\" x=\"0px\" y=\"0px\" viewbox=\"0 0 490.667 490.667\" style=\"enable-background:new 0 0 490.667 490.667;\" xml:space=\"preserve\"><g>\t<g>\t\t<path d=\"M480,234.667H256v-224C256,4.779,251.221,0,245.333,0s-10.667,4.779-10.667,10.667v224h-224   C4.779,234.667,0,239.445,0,245.333S4.779,256,10.667,256h224v224c0,5.888,4.779,10.667,10.667,10.667S256,485.888,256,480V256   h224c5.888,0,10.667-4.779,10.667-10.667S485.888,234.667,480,234.667z\"><\/path>\t<\/g><\/g><g><\/g><g><\/g><g><\/g><g><\/g><g><\/g><g><\/g><g><\/g><g><\/g><g><\/g><g><\/g><g><\/g><g><\/g><g><\/g><g><\/g><g><\/g><\/svg><\/span>\n\t\t<\/span>\n\n\t\t\t\t\t\t<\/summary>\n\t\t\t\t<div data-particle_enable=\"false\" data-particle-mobile-disabled=\"false\" role=\"region\" aria-labelledby=\"e-n-accordion-item-1176\" class=\"elementor-element elementor-element-42d290f e-con-full e-flex e-con e-child\" data-id=\"42d290f\" data-element_type=\"container\" data-e-type=\"container\">\n\t\t\t\t<div class=\"elementor-element elementor-element-eb0cc45 elementor-widget elementor-widget-text-editor\" data-id=\"eb0cc45\" data-element_type=\"widget\" data-e-type=\"widget\" data-widget_type=\"text-editor.default\">\n\t\t\t\t\t\t\t\t\t<p>The cooperation is carried out in stages. First, after receiving the materials, I prepare an offer. Once it is accepted, we set the start and end dates for the work. A 50% deposit is required to commence work. The remaining amount is payable within 3 days of the completion of the work and the issuance of the invoice. The course of the work is individual and varies depending on the service. Ask for a quote, and along with the quote, you will receive a PDF from me with a diagram of the course of the work and detailed information.<\/p>\t\t\t\t\t\t\t\t<\/div>\n\t\t\t\t<\/div>\n\t\t\t\t\t<\/details>\n\t\t\t\t\t\t<details id=\"e-n-accordion-item-1177\" class=\"e-n-accordion-item\" >\n\t\t\t\t<summary class=\"e-n-accordion-item-title\" data-accordion-index=\"8\" tabindex=\"-1\" aria-expanded=\"false\" aria-controls=\"e-n-accordion-item-1177\" >\n\t\t\t\t\t<span class='e-n-accordion-item-title-header'><div class=\"e-n-accordion-item-title-text\"> Are 3D visualisations generated by AI? <\/div><\/span>\n\t\t\t\t\t\t\t<span class='e-n-accordion-item-title-icon'>\n\t\t\t<span class='e-opened' ><svg xmlns=\"http:\/\/www.w3.org\/2000\/svg\" xmlns:xlink=\"http:\/\/www.w3.org\/1999\/xlink\" id=\"Capa_1\" x=\"0px\" y=\"0px\" viewbox=\"0 0 469.333 469.333\" style=\"enable-background:new 0 0 469.333 469.333;\" xml:space=\"preserve\"><g>\t<g>\t\t<path d=\"M458.667,224h-448C4.779,224,0,228.779,0,234.667s4.779,10.667,10.667,10.667h448c5.888,0,10.667-4.779,10.667-10.667   S464.555,224,458.667,224z\"><\/path>\t<\/g><\/g><g><\/g><g><\/g><g><\/g><g><\/g><g><\/g><g><\/g><g><\/g><g><\/g><g><\/g><g><\/g><g><\/g><g><\/g><g><\/g><g><\/g><g><\/g><\/svg><\/span>\n\t\t\t<span class='e-closed'><svg xmlns=\"http:\/\/www.w3.org\/2000\/svg\" xmlns:xlink=\"http:\/\/www.w3.org\/1999\/xlink\" id=\"Capa_1\" x=\"0px\" y=\"0px\" viewbox=\"0 0 490.667 490.667\" style=\"enable-background:new 0 0 490.667 490.667;\" xml:space=\"preserve\"><g>\t<g>\t\t<path d=\"M480,234.667H256v-224C256,4.779,251.221,0,245.333,0s-10.667,4.779-10.667,10.667v224h-224   C4.779,234.667,0,239.445,0,245.333S4.779,256,10.667,256h224v224c0,5.888,4.779,10.667,10.667,10.667S256,485.888,256,480V256   h224c5.888,0,10.667-4.779,10.667-10.667S485.888,234.667,480,234.667z\"><\/path>\t<\/g><\/g><g><\/g><g><\/g><g><\/g><g><\/g><g><\/g><g><\/g><g><\/g><g><\/g><g><\/g><g><\/g><g><\/g><g><\/g><g><\/g><g><\/g><g><\/g><\/svg><\/span>\n\t\t<\/span>\n\n\t\t\t\t\t\t<\/summary>\n\t\t\t\t<div data-particle_enable=\"false\" data-particle-mobile-disabled=\"false\" role=\"region\" aria-labelledby=\"e-n-accordion-item-1177\" class=\"elementor-element elementor-element-696f6fc e-con-full e-flex e-con e-child\" data-id=\"696f6fc\" data-element_type=\"container\" data-e-type=\"container\">\n\t\t\t\t<div class=\"elementor-element elementor-element-f0839f1 elementor-widget elementor-widget-text-editor\" data-id=\"f0839f1\" data-element_type=\"widget\" data-e-type=\"widget\" data-widget_type=\"text-editor.default\">\n\t\t\t\t\t\t\t\t\t<p>Although AI is increasingly used in our lives, the 3D visualisations in my offer are not generated by AI. Each visualisation is a process carried out 100% individually in 2D and 3D graphics programmes. This allows for full control at every stage of the work and 100% accuracy in the reproduction of 3D models of the subject being developed, without the random elements that characterise AI-generated visualisations.<\/p>\t\t\t\t\t\t\t\t<\/div>\n\t\t\t\t<\/div>\n\t\t\t\t\t<\/details>\n\t\t\t\t\t<\/div>\n\t\t\t\t\t\t<\/div>\n\t\t\t\t\t<\/div>\n\t\t\t\t<\/div>\n\t\t\t\t<\/div>","protected":false},"excerpt":{"rendered":"<p>Najcz\u0119\u015bciej zadawane pytania Gdzie mie\u015bci si\u0119 siedziba firmy ? Siedziba firmy znajduje si\u0119 w Bachowicach, w wojew\u00f3dztwie ma\u0142opolskim. Swoje us\u0142ugi jednak wykonuj\u0119 na terenie ca\u0142ej Polski oraz poza jej granicami, poniewa\u017c charakter pracy pozwala na prac\u0119 w 100% zdaln\u0105. W jakich godzinach otwarta jest firma ? Pracuj\u0119 w godzinach 8-16, od poniedzia\u0142ku do pi\u0105tku. Nie [&hellip;]<\/p>\n","protected":false},"author":1,"featured_media":0,"parent":0,"menu_order":0,"comment_status":"closed","ping_status":"closed","template":"","meta":{"_acf_changed":false,"footnotes":""},"class_list":["post-731","page","type-page","status-publish","hentry"],"acf":[],"_links":{"self":[{"href":"https:\/\/doit-studio.com\/en\/wp-json\/wp\/v2\/pages\/731","targetHints":{"allow":["GET"]}}],"collection":[{"href":"https:\/\/doit-studio.com\/en\/wp-json\/wp\/v2\/pages"}],"about":[{"href":"https:\/\/doit-studio.com\/en\/wp-json\/wp\/v2\/types\/page"}],"author":[{"embeddable":true,"href":"https:\/\/doit-studio.com\/en\/wp-json\/wp\/v2\/users\/1"}],"replies":[{"embeddable":true,"href":"https:\/\/doit-studio.com\/en\/wp-json\/wp\/v2\/comments?post=731"}],"version-history":[{"count":45,"href":"https:\/\/doit-studio.com\/en\/wp-json\/wp\/v2\/pages\/731\/revisions"}],"predecessor-version":[{"id":2316,"href":"https:\/\/doit-studio.com\/en\/wp-json\/wp\/v2\/pages\/731\/revisions\/2316"}],"wp:attachment":[{"href":"https:\/\/doit-studio.com\/en\/wp-json\/wp\/v2\/media?parent=731"}],"curies":[{"name":"wp","href":"https:\/\/api.w.org\/{rel}","templated":true}]}}