{"id":978,"date":"2025-08-04T10:40:20","date_gmt":"2025-08-04T08:40:20","guid":{"rendered":"https:\/\/doit-studio.com\/?page_id=978"},"modified":"2025-08-13T07:19:47","modified_gmt":"2025-08-13T05:19:47","slug":"wizualizacje-wnetrz","status":"publish","type":"page","link":"https:\/\/doit-studio.com\/en\/wizualizacje-wnetrz\/","title":{"rendered":"Interior visualisations"},"content":{"rendered":"\t\t<div data-elementor-type=\"wp-page\" data-elementor-id=\"978\" class=\"elementor elementor-978\" data-elementor-post-type=\"page\">\n\t\t\t\t<div data-particle_enable=\"false\" data-particle-mobile-disabled=\"false\" class=\"elementor-element elementor-element-d01d7b5 e-flex e-con-boxed e-con e-parent\" data-id=\"d01d7b5\" data-element_type=\"container\" data-e-type=\"container\">\n\t\t\t\t\t<div class=\"e-con-inner\">\n\t\t\t\t<div class=\"elementor-element elementor-element-05fa58e animated-slow elementor-invisible elementor-widget elementor-widget-heading\" data-id=\"05fa58e\" data-element_type=\"widget\" data-e-type=\"widget\" data-settings=\"{&quot;_animation&quot;:&quot;fadeInUp&quot;}\" data-widget_type=\"heading.default\">\n\t\t\t\t\t<h2 class=\"elementor-heading-title elementor-size-default\">Wizualizacje wn\u0119trz<\/h2>\t\t\t\t<\/div>\n\t\t\t\t<div class=\"elementor-element elementor-element-14ca718 animated-slow elementor-invisible elementor-widget elementor-widget-text-editor\" data-id=\"14ca718\" data-element_type=\"widget\" data-e-type=\"widget\" data-settings=\"{&quot;_animation&quot;:&quot;fadeInUp&quot;}\" data-widget_type=\"text-editor.default\">\n\t\t\t\t\t\t\t\t\t<p>Wizualizacje wn\u0119trz stanowi\u0105 o\u017cywienie projektu b\u0105d\u017a wizji. Odpowiedni dob\u00f3r kolor\u00f3w, mebli oraz dodatk\u00f3w to klucz do efektownego zaprezentowania wn\u0119trza Klientowi.<\/p><p>Dzi\u0119ki wysokiej jako\u015bci wizualizacjom klient mo\u017ce ju\u017c teraz poczu\u0107 si\u0119 jak u siebie. To niezwykle pobudza wyobra\u017ani\u0119, emocje oraz pozytywnie dzia\u0142a na zmys\u0142y.<\/p><p>Wizualizacje wn\u0119trz posiadaj\u0105 tak\u017ce dodatkow\u0105, wa\u017cn\u0105 funkcj\u0119. Dzi\u0119ki nim jeste\u015bmy w stanie zweryfikowa\u0107 proponowany uk\u0142ad funkcjonalny zawarty w projekcie. Je\u017celi s\u0105 w nim b\u0142\u0119dy \u2013 na etapie wizualizacji mo\u017cemy je wychwyci\u0107 i \u0142atwo skorygowa\u0107. Te b\u0142\u0119dy, na kolejnych etapach, mog\u0105 okaza\u0107 si\u0119 bardzo kosztowne.<\/p><p>W mojej pracy odwzorowuj\u0119 dok\u0142adnie ka\u017cdy detal zawarty w projekcie. Je\u017celi pracuj\u0119 w oparciu o inspiracje \u2013 staram si\u0119 maksymalnie do nich zbli\u017cy\u0107 i wydoby\u0107 z Twojego wn\u0119trza pe\u0142en potencja\u0142.<\/p><p>Ka\u017cdy element jest starannie przemy\u015blany. Nie ma tutaj przestrzeni na przypadkowo\u015b\u0107.<\/p>\t\t\t\t\t\t\t\t<\/div>\n\t\t<div data-particle_enable=\"false\" data-particle-mobile-disabled=\"false\" class=\"elementor-element elementor-element-0690969 e-grid e-con-full animated-slow elementor-invisible e-con e-child\" data-id=\"0690969\" data-element_type=\"container\" data-e-type=\"container\" data-settings=\"{&quot;animation&quot;:&quot;fadeInUp&quot;}\">\n\t\t\t\t<div class=\"elementor-element elementor-element-7133588 elementor-widget elementor-widget-image\" data-id=\"7133588\" data-element_type=\"widget\" data-e-type=\"widget\" data-widget_type=\"image.default\">\n\t\t\t\t\t\t\t\t\t\t\t\t\t\t\t<img fetchpriority=\"high\" decoding=\"async\" width=\"800\" height=\"600\" src=\"https:\/\/doit-studio.com\/wp-content\/uploads\/2025\/08\/8-1024x768.jpg\" class=\"attachment-large size-large wp-image-983\" alt=\"Do It Studio\" srcset=\"https:\/\/doit-studio.com\/wp-content\/uploads\/2025\/08\/8-1024x768.jpg 1024w, https:\/\/doit-studio.com\/wp-content\/uploads\/2025\/08\/8-300x225.jpg 300w, https:\/\/doit-studio.com\/wp-content\/uploads\/2025\/08\/8-768x576.jpg 768w, https:\/\/doit-studio.com\/wp-content\/uploads\/2025\/08\/8-1536x1152.jpg 1536w, https:\/\/doit-studio.com\/wp-content\/uploads\/2025\/08\/8.jpg 1920w\" sizes=\"(max-width: 800px) 100vw, 800px\" \/>\t\t\t\t\t\t\t\t\t\t\t\t\t\t\t<\/div>\n\t\t\t\t<div class=\"elementor-element elementor-element-522b22d elementor-widget elementor-widget-image\" data-id=\"522b22d\" data-element_type=\"widget\" data-e-type=\"widget\" data-widget_type=\"image.default\">\n\t\t\t\t\t\t\t\t\t\t\t\t\t\t\t<img decoding=\"async\" width=\"800\" height=\"600\" src=\"https:\/\/doit-studio.com\/wp-content\/uploads\/2025\/08\/int2-1024x768.jpg\" class=\"attachment-large size-large wp-image-984\" alt=\"Do It Studio\" srcset=\"https:\/\/doit-studio.com\/wp-content\/uploads\/2025\/08\/int2-1024x768.jpg 1024w, https:\/\/doit-studio.com\/wp-content\/uploads\/2025\/08\/int2-300x225.jpg 300w, https:\/\/doit-studio.com\/wp-content\/uploads\/2025\/08\/int2-768x576.jpg 768w, https:\/\/doit-studio.com\/wp-content\/uploads\/2025\/08\/int2-1536x1152.jpg 1536w, https:\/\/doit-studio.com\/wp-content\/uploads\/2025\/08\/int2.jpg 1920w\" sizes=\"(max-width: 800px) 100vw, 800px\" \/>\t\t\t\t\t\t\t\t\t\t\t\t\t\t\t<\/div>\n\t\t\t\t<\/div>\n\t\t\t\t\t<\/div>\n\t\t\t\t<\/div>\n\t\t<div data-particle_enable=\"false\" data-particle-mobile-disabled=\"false\" class=\"elementor-element elementor-element-e1919ff e-flex e-con-boxed e-con e-parent\" data-id=\"e1919ff\" data-element_type=\"container\" data-e-type=\"container\">\n\t\t\t\t\t<div class=\"e-con-inner\">\n\t\t\t\t<div class=\"elementor-element elementor-element-ef0d1d9 elementor-widget elementor-widget-template\" data-id=\"ef0d1d9\" data-element_type=\"widget\" data-e-type=\"widget\" data-widget_type=\"template.default\">\n\t\t\t\t<div class=\"elementor-widget-container\">\n\t\t\t\t\t\t\t<div class=\"elementor-template\">\n\t\t\t\t\t<div data-elementor-type=\"page\" data-elementor-id=\"1811\" class=\"elementor elementor-1811\" data-elementor-post-type=\"elementor_library\">\n\t\t\t\t<div data-particle_enable=\"false\" data-particle-mobile-disabled=\"false\" class=\"elementor-element elementor-element-4ad023d e-flex e-con-boxed e-con e-parent\" data-id=\"4ad023d\" data-element_type=\"container\" data-e-type=\"container\">\n\t\t\t\t\t<div class=\"e-con-inner\">\n\t\t\t\t<div class=\"elementor-element elementor-element-89dde84 animated-slow elementor-invisible elementor-widget elementor-widget-heading\" data-id=\"89dde84\" data-element_type=\"widget\" data-e-type=\"widget\" data-settings=\"{&quot;_animation&quot;:&quot;fadeInUp&quot;,&quot;_animation_delay&quot;:100}\" data-widget_type=\"heading.default\">\n\t\t\t\t\t<h2 class=\"elementor-heading-title elementor-size-default\">Porozmawiajmy o Twoim projekcie<\/h2>\t\t\t\t<\/div>\n\t\t\t\t<div class=\"elementor-element elementor-element-4d5cb56 elementor-widget__width-initial animated-slow elementor-widget-tablet__width-inherit elementor-invisible elementor-widget elementor-widget-text-editor\" data-id=\"4d5cb56\" data-element_type=\"widget\" data-e-type=\"widget\" data-settings=\"{&quot;_animation&quot;:&quot;fadeInUp&quot;,&quot;_animation_delay&quot;:200}\" data-widget_type=\"text-editor.default\">\n\t\t\t\t\t\t\t\t\t<p>Powiedz mi wi\u0119cej o Twoim projekcie. Zastanowimy si\u0119 wsp\u00f3lnie w jaki spos\u00f3b przedstawi\u0107 go w najlepszy mo\u017cliwy spos\u00f3b.\u00a0<\/p>\t\t\t\t\t\t\t\t<\/div>\n\t\t\t\t<div class=\"elementor-element elementor-element-515a1e5 elementor-icon-list--layout-inline elementor-align-center animated-slow elementor-hidden-mobile elementor-list-item-link-full_width elementor-invisible elementor-widget elementor-widget-icon-list\" data-id=\"515a1e5\" data-element_type=\"widget\" data-e-type=\"widget\" data-settings=\"{&quot;_animation&quot;:&quot;fadeInUp&quot;,&quot;_animation_delay&quot;:300}\" data-widget_type=\"icon-list.default\">\n\t\t\t\t\t\t\t<ul class=\"elementor-icon-list-items elementor-inline-items\">\n\t\t\t\t\t\t\t<li class=\"elementor-icon-list-item elementor-inline-item\">\n\t\t\t\t\t\t\t\t\t\t\t<span class=\"elementor-icon-list-icon\">\n\t\t\t\t\t\t\t<svg xmlns=\"http:\/\/www.w3.org\/2000\/svg\" id=\"Capa_1\" height=\"512\" viewBox=\"0 0 512 512\" width=\"512\"><g><path d=\"m504.5 62.5h-497c-4.142 0-7.5 3.357-7.5 7.5v372c0 4.143 3.358 7.5 7.5 7.5h497c4.142 0 7.5-3.357 7.5-7.5v-372c0-4.143-3.358-7.5-7.5-7.5zm-147.057 209.409c-2.929-2.928-7.678-2.928-10.606 0-2.929 2.93-2.929 7.678 0 10.607l143.573 143.575c2.412 2.412 4.184 5.285 5.287 8.409h-479.394c1.103-3.125 2.875-5.997 5.287-8.409l143.574-143.574c2.929-2.93 2.929-7.678 0-10.607-2.929-2.928-7.678-2.928-10.606 0l-139.558 139.557v-310.934l193.271 193.271c12.749 12.749 29.7 19.771 47.729 19.771s34.98-7.021 47.729-19.771l193.271-193.271v310.934zm-341.14-194.409h479.395c-1.103 3.125-2.875 5.997-5.287 8.409l-197.288 197.287c-9.916 9.916-23.1 15.378-37.123 15.378s-27.207-5.462-37.123-15.378l-197.287-197.287c-2.412-2.412-4.184-5.284-5.287-8.409z\"><\/path><\/g><\/svg>\t\t\t\t\t\t<\/span>\n\t\t\t\t\t\t\t\t\t\t<span class=\"elementor-icon-list-text\">kontakt@doit-studio.com<\/span>\n\t\t\t\t\t\t\t\t\t<\/li>\n\t\t\t\t\t\t\t\t<li class=\"elementor-icon-list-item elementor-inline-item\">\n\t\t\t\t\t\t\t\t\t\t\t<a href=\"tel:+48%20508%20533%20161\">\n\n\t\t\t\t\t\t\t\t\t\t\t\t<span class=\"elementor-icon-list-icon\">\n\t\t\t\t\t\t\t<svg xmlns=\"http:\/\/www.w3.org\/2000\/svg\" xmlns:xlink=\"http:\/\/www.w3.org\/1999\/xlink\" viewBox=\"0 0 463.009 463.009\"><g><path d=\"m462.692,381.085c-1.472-11.126-7.895-20.719-17.62-26.318l-114.226-65.767c-13.99-8.055-31.738-5.71-43.157,5.708l-22.499,22.499c-5.987,5.988-15.459,6.518-22.028,1.231-17.737-14.272-35.201-29.979-51.906-46.685-16.705-16.705-32.412-34.168-46.685-51.906-5.287-6.57-4.758-16.041 1.231-22.029l22.498-22.499c11.418-11.417 13.766-29.163 5.709-43.156l-65.767-114.226c-5.6-9.726-15.192-16.148-26.318-17.62-11.127-1.475-22.06,2.236-29.996,10.172l-33.901,33.902c-23.661,23.662-24.041,66.944-1.07,121.875 22.088,52.818 63.308,110.962 116.065,163.721 52.759,52.758 110.903,93.978 163.722,116.066 27.039,11.307 51.253,16.957 71.697,16.956 21.088,0 38.163-6.013 50.178-18.027l33.901-33.902c7.935-7.936 11.643-18.869 10.172-29.995zm-139.33-79.086l114.226,65.767c5.649,3.252 9.379,8.824 10.233,15.286 0.718,5.423-0.691,10.763-3.885,15.066l-151.805-86.638 6.165-6.165c6.631-6.631 16.941-7.994 25.066-3.316zm-243.406-286.811c6.463,0.855 12.034,4.585 15.286,10.234l65.767,114.226c4.68,8.127 3.316,18.435-3.315,25.065l-5.663,5.663-87.114-151.303c3.561-2.637 7.82-4.069 12.26-4.069 0.921-1.77636e-15 1.85,0.061 2.779,0.184zm328.055,419.187c-18.798,18.798-57.244,18.01-105.48-2.162-51.06-21.352-107.491-61.424-158.901-112.833-51.41-51.41-91.482-107.842-112.834-158.901-20.173-48.237-20.96-86.683-2.162-105.482l25.167-25.168 87.245,151.532-5.851,5.851c-11.415,11.416-12.409,29.488-2.311,42.04 14.609,18.156 30.68,36.024 47.764,53.108 17.086,17.085 34.954,33.156 53.109,47.765 12.55,10.098 30.622,9.105 42.04-2.312l5.338-5.338 152.016,86.759-25.14,25.141z\"><\/path><\/g><\/svg>\t\t\t\t\t\t<\/span>\n\t\t\t\t\t\t\t\t\t\t<span class=\"elementor-icon-list-text\">+48 508 533 161<\/span>\n\t\t\t\t\t\t\t\t\t\t\t<\/a>\n\t\t\t\t\t\t\t\t\t<\/li>\n\t\t\t\t\t\t<\/ul>\n\t\t\t\t\t\t<\/div>\n\t\t\t\t<div class=\"elementor-element elementor-element-0a065a1 elementor-align-center animated-slow elementor-hidden-desktop elementor-hidden-tablet elementor-hidden-widescreen elementor-icon-list--layout-traditional elementor-list-item-link-full_width elementor-invisible elementor-widget elementor-widget-icon-list\" data-id=\"0a065a1\" data-element_type=\"widget\" data-e-type=\"widget\" data-settings=\"{&quot;_animation&quot;:&quot;fadeInUp&quot;,&quot;_animation_delay&quot;:300}\" data-widget_type=\"icon-list.default\">\n\t\t\t\t\t\t\t<ul class=\"elementor-icon-list-items\">\n\t\t\t\t\t\t\t<li class=\"elementor-icon-list-item\">\n\t\t\t\t\t\t\t\t\t\t\t<span class=\"elementor-icon-list-icon\">\n\t\t\t\t\t\t\t<svg xmlns=\"http:\/\/www.w3.org\/2000\/svg\" id=\"Capa_1\" height=\"512\" viewBox=\"0 0 512 512\" width=\"512\"><g><path d=\"m504.5 62.5h-497c-4.142 0-7.5 3.357-7.5 7.5v372c0 4.143 3.358 7.5 7.5 7.5h497c4.142 0 7.5-3.357 7.5-7.5v-372c0-4.143-3.358-7.5-7.5-7.5zm-147.057 209.409c-2.929-2.928-7.678-2.928-10.606 0-2.929 2.93-2.929 7.678 0 10.607l143.573 143.575c2.412 2.412 4.184 5.285 5.287 8.409h-479.394c1.103-3.125 2.875-5.997 5.287-8.409l143.574-143.574c2.929-2.93 2.929-7.678 0-10.607-2.929-2.928-7.678-2.928-10.606 0l-139.558 139.557v-310.934l193.271 193.271c12.749 12.749 29.7 19.771 47.729 19.771s34.98-7.021 47.729-19.771l193.271-193.271v310.934zm-341.14-194.409h479.395c-1.103 3.125-2.875 5.997-5.287 8.409l-197.288 197.287c-9.916 9.916-23.1 15.378-37.123 15.378s-27.207-5.462-37.123-15.378l-197.287-197.287c-2.412-2.412-4.184-5.284-5.287-8.409z\"><\/path><\/g><\/svg>\t\t\t\t\t\t<\/span>\n\t\t\t\t\t\t\t\t\t\t<span class=\"elementor-icon-list-text\">kontakt@doit-studio.com<\/span>\n\t\t\t\t\t\t\t\t\t<\/li>\n\t\t\t\t\t\t\t\t<li class=\"elementor-icon-list-item\">\n\t\t\t\t\t\t\t\t\t\t\t<a href=\"tel:+48%20508%20533%20161\">\n\n\t\t\t\t\t\t\t\t\t\t\t\t<span class=\"elementor-icon-list-icon\">\n\t\t\t\t\t\t\t<svg xmlns=\"http:\/\/www.w3.org\/2000\/svg\" xmlns:xlink=\"http:\/\/www.w3.org\/1999\/xlink\" viewBox=\"0 0 463.009 463.009\"><g><path d=\"m462.692,381.085c-1.472-11.126-7.895-20.719-17.62-26.318l-114.226-65.767c-13.99-8.055-31.738-5.71-43.157,5.708l-22.499,22.499c-5.987,5.988-15.459,6.518-22.028,1.231-17.737-14.272-35.201-29.979-51.906-46.685-16.705-16.705-32.412-34.168-46.685-51.906-5.287-6.57-4.758-16.041 1.231-22.029l22.498-22.499c11.418-11.417 13.766-29.163 5.709-43.156l-65.767-114.226c-5.6-9.726-15.192-16.148-26.318-17.62-11.127-1.475-22.06,2.236-29.996,10.172l-33.901,33.902c-23.661,23.662-24.041,66.944-1.07,121.875 22.088,52.818 63.308,110.962 116.065,163.721 52.759,52.758 110.903,93.978 163.722,116.066 27.039,11.307 51.253,16.957 71.697,16.956 21.088,0 38.163-6.013 50.178-18.027l33.901-33.902c7.935-7.936 11.643-18.869 10.172-29.995zm-139.33-79.086l114.226,65.767c5.649,3.252 9.379,8.824 10.233,15.286 0.718,5.423-0.691,10.763-3.885,15.066l-151.805-86.638 6.165-6.165c6.631-6.631 16.941-7.994 25.066-3.316zm-243.406-286.811c6.463,0.855 12.034,4.585 15.286,10.234l65.767,114.226c4.68,8.127 3.316,18.435-3.315,25.065l-5.663,5.663-87.114-151.303c3.561-2.637 7.82-4.069 12.26-4.069 0.921-1.77636e-15 1.85,0.061 2.779,0.184zm328.055,419.187c-18.798,18.798-57.244,18.01-105.48-2.162-51.06-21.352-107.491-61.424-158.901-112.833-51.41-51.41-91.482-107.842-112.834-158.901-20.173-48.237-20.96-86.683-2.162-105.482l25.167-25.168 87.245,151.532-5.851,5.851c-11.415,11.416-12.409,29.488-2.311,42.04 14.609,18.156 30.68,36.024 47.764,53.108 17.086,17.085 34.954,33.156 53.109,47.765 12.55,10.098 30.622,9.105 42.04-2.312l5.338-5.338 152.016,86.759-25.14,25.141z\"><\/path><\/g><\/svg>\t\t\t\t\t\t<\/span>\n\t\t\t\t\t\t\t\t\t\t<span class=\"elementor-icon-list-text\"> +48 508 533 161<\/span>\n\t\t\t\t\t\t\t\t\t\t\t<\/a>\n\t\t\t\t\t\t\t\t\t<\/li>\n\t\t\t\t\t\t<\/ul>\n\t\t\t\t\t\t<\/div>\n\t\t\t\t<div class=\"elementor-element elementor-element-b2e115e elementor-button-align-center elementor-widget__width-initial animated-slow elementor-invisible elementor-widget elementor-widget-form\" data-id=\"b2e115e\" data-element_type=\"widget\" data-e-type=\"widget\" data-settings=\"{&quot;step_next_label&quot;:&quot;Nast\\u0119pny&quot;,&quot;step_previous_label&quot;:&quot;Poprzedni&quot;,&quot;_animation&quot;:&quot;fadeInUp&quot;,&quot;_animation_delay&quot;:400,&quot;button_width&quot;:&quot;100&quot;,&quot;step_type&quot;:&quot;number_text&quot;,&quot;step_icon_shape&quot;:&quot;circle&quot;}\" data-widget_type=\"form.default\">\n\t\t\t\t\t\t\t<form class=\"elementor-form\" method=\"post\" id=\"formularz\" name=\"Nowy formularz\" aria-label=\"Nowy formularz\">\n\t\t\t<input type=\"hidden\" name=\"post_id\" value=\"1811\"\/>\n\t\t\t<input type=\"hidden\" name=\"form_id\" value=\"b2e115e\"\/>\n\t\t\t<input type=\"hidden\" name=\"referer_title\" value=\"Karty lokali - Do It Studio Jaros\u0142aw Piszczek - 3D visualisations\" \/>\n\n\t\t\t\t\t\t\t<input type=\"hidden\" name=\"queried_id\" value=\"1015\"\/>\n\t\t\t\n\t\t\t<div class=\"elementor-form-fields-wrapper elementor-labels-\">\n\t\t\t\t\t\t\t\t<div class=\"elementor-field-type-text elementor-field-group elementor-column elementor-field-group-name elementor-col-50 elementor-field-required\">\n\t\t\t\t\t\t\t\t\t\t\t\t<label for=\"form-field-name\" class=\"elementor-field-label elementor-screen-only\">\n\t\t\t\t\t\t\t\tImi\u0119 i nazwisko\t\t\t\t\t\t\t<\/label>\n\t\t\t\t\t\t\t\t\t\t\t\t\t\t<input size=\"1\" type=\"text\" name=\"form_fields[name]\" id=\"form-field-name\" class=\"elementor-field elementor-size-md  elementor-field-textual\" placeholder=\"Imi\u0119 i nazwisko\" required=\"required\">\n\t\t\t\t\t\t\t\t\t\t\t<\/div>\n\t\t\t\t\t\t\t\t<div class=\"elementor-field-type-email elementor-field-group elementor-column elementor-field-group-email elementor-col-50 elementor-field-required\">\n\t\t\t\t\t\t\t\t\t\t\t\t<label for=\"form-field-email\" class=\"elementor-field-label elementor-screen-only\">\n\t\t\t\t\t\t\t\tE-mail\t\t\t\t\t\t\t<\/label>\n\t\t\t\t\t\t\t\t\t\t\t\t\t\t<input size=\"1\" type=\"email\" name=\"form_fields[email]\" id=\"form-field-email\" class=\"elementor-field elementor-size-md  elementor-field-textual\" placeholder=\"E-mail\" required=\"required\">\n\t\t\t\t\t\t\t\t\t\t\t<\/div>\n\t\t\t\t\t\t\t\t<div class=\"elementor-field-type-textarea elementor-field-group elementor-column elementor-field-group-message elementor-col-100 elementor-field-required\">\n\t\t\t\t\t\t\t\t\t\t\t\t<label for=\"form-field-message\" class=\"elementor-field-label elementor-screen-only\">\n\t\t\t\t\t\t\t\tWiadomo\u015b\u0107\t\t\t\t\t\t\t<\/label>\n\t\t\t\t\t\t<textarea class=\"elementor-field-textual elementor-field  elementor-size-md\" name=\"form_fields[message]\" id=\"form-field-message\" rows=\"4\" placeholder=\"Twoja wiadomo\u015b\u0107\" required=\"required\"><\/textarea>\t\t\t\t<\/div>\n\t\t\t\t\t\t\t\t<div class=\"elementor-field-type-acceptance elementor-field-group elementor-column elementor-field-group-field_1c62897 elementor-col-100 elementor-field-required\">\n\t\t\t\t\t\t\t<div class=\"elementor-field-subgroup\">\n\t\t\t<span class=\"elementor-field-option\">\n\t\t\t\t<input type=\"checkbox\" name=\"form_fields[field_1c62897]\" id=\"form-field-field_1c62897\" class=\"elementor-field elementor-size-md  elementor-acceptance-field\" required=\"required\">\n\t\t\t\t<label for=\"form-field-field_1c62897\">Wyra\u017cam zgod\u0119 na przetwarzanie danych osobowych zgodnie z ustaw\u0105 o ochronie danych osobowych ze zwi\u0105zku z wys\u0142aniem zapytania za po\u015brednictwem powy\u017cszego formularza kontaktowego. Podanie danych jest dobrowolne, ale niezb\u0119dne do przetworzenia i odpowiedzi na zapytanie. *<\/label>\t\t\t<\/span>\n\t\t<\/div>\n\t\t\t\t\t\t<\/div>\n\t\t\t\t\t\t\t\t<div class=\"elementor-field-type-recaptcha_v3 elementor-field-group elementor-column elementor-field-group-field_80eb40f elementor-col-100 recaptcha_v3-bottomleft\">\n\t\t\t\t\t<div class=\"elementor-field\" id=\"form-field-field_80eb40f\"><div class=\"elementor-g-recaptcha\" data-sitekey=\"6Ldnq6QrAAAAAOEsxghe1T9KNLTnu1F8NQBeJ3_F\" data-type=\"v3\" data-action=\"Form\" data-badge=\"bottomleft\" data-size=\"invisible\"><\/div><\/div>\t\t\t\t<\/div>\n\t\t\t\t\t\t\t\t<div class=\"elementor-field-group elementor-column elementor-field-type-submit elementor-col-100 e-form__buttons\">\n\t\t\t\t\t<button class=\"elementor-button elementor-size-md\" type=\"submit\">\n\t\t\t\t\t\t<span class=\"elementor-button-content-wrapper\">\n\t\t\t\t\t\t\t\t\t\t\t\t\t\t\t<span class=\"elementor-button-icon\">\n\t\t\t\t\t\t\t\t\t<svg xmlns=\"http:\/\/www.w3.org\/2000\/svg\" xmlns:xlink=\"http:\/\/www.w3.org\/1999\/xlink\" id=\"Capa_1\" x=\"0px\" y=\"0px\" viewBox=\"0 0 512.009 512.009\" style=\"enable-background:new 0 0 512.009 512.009;\" xml:space=\"preserve\"><g>\t<g>\t\t<path d=\"M508.625,247.801L508.625,247.801L392.262,131.437c-4.18-4.881-11.526-5.45-16.407-1.269   c-4.881,4.18-5.45,11.526-1.269,16.407c0.39,0.455,0.814,0.88,1.269,1.269l96.465,96.582H11.636C5.21,244.426,0,249.636,0,256.063   s5.21,11.636,11.636,11.636H472.32l-96.465,96.465c-4.881,4.18-5.45,11.526-1.269,16.407s11.526,5.45,16.407,1.269   c0.455-0.39,0.88-0.814,1.269-1.269l116.364-116.364C513.137,259.67,513.137,252.34,508.625,247.801z\"><\/path>\t<\/g><\/g><g><\/g><g><\/g><g><\/g><g><\/g><g><\/g><g><\/g><g><\/g><g><\/g><g><\/g><g><\/g><g><\/g><g><\/g><g><\/g><g><\/g><g><\/g><\/svg>\t\t\t\t\t\t\t\t\t\t\t\t\t\t\t\t\t<\/span>\n\t\t\t\t\t\t\t\t\t\t\t\t\t\t\t\t\t\t\t\t\t\t<span class=\"elementor-button-text\">Wy\u015blij wiadomo\u015b\u0107<\/span>\n\t\t\t\t\t\t\t\t\t\t\t\t\t<\/span>\n\t\t\t\t\t<\/button>\n\t\t\t\t<\/div>\n\t\t\t<\/div>\n\t\t<\/form>\n\t\t\t\t\t\t<\/div>\n\t\t\t\t\t<\/div>\n\t\t\t\t<\/div>\n\t\t\t\t<\/div>\n\t\t\t\t<\/div>\n\t\t\t\t\t\t<\/div>\n\t\t\t\t<\/div>\n\t\t\t\t\t<\/div>\n\t\t\t\t<\/div>\n\t\t\t\t<\/div>\n\t\t","protected":false},"excerpt":{"rendered":"<p>Wizualizacje wn\u0119trz stanowi\u0105 o\u017cywienie projektu b\u0105d\u017a wizji. Odpowiedni dob\u00f3r kolor\u00f3w, mebli oraz dodatk\u00f3w to klucz do efektownego zaprezentowania wn\u0119trza Klientowi. Dzi\u0119ki wysokiej jako\u015bci wizualizacjom klient mo\u017ce ju\u017c teraz poczu\u0107 si\u0119 jak u siebie. To niezwykle pobudza wyobra\u017ani\u0119, emocje oraz pozytywnie dzia\u0142a na zmys\u0142y. Wizualizacje wn\u0119trz posiadaj\u0105 tak\u017ce dodatkow\u0105, wa\u017cn\u0105 funkcj\u0119. Dzi\u0119ki nim jeste\u015bmy w stanie [&hellip;]<\/p>\n","protected":false},"author":1,"featured_media":0,"parent":0,"menu_order":0,"comment_status":"closed","ping_status":"closed","template":"","meta":{"_acf_changed":false,"footnotes":""},"class_list":["post-978","page","type-page","status-publish","hentry"],"acf":[],"_links":{"self":[{"href":"https:\/\/doit-studio.com\/en\/wp-json\/wp\/v2\/pages\/978","targetHints":{"allow":["GET"]}}],"collection":[{"href":"https:\/\/doit-studio.com\/en\/wp-json\/wp\/v2\/pages"}],"about":[{"href":"https:\/\/doit-studio.com\/en\/wp-json\/wp\/v2\/types\/page"}],"author":[{"embeddable":true,"href":"https:\/\/doit-studio.com\/en\/wp-json\/wp\/v2\/users\/1"}],"replies":[{"embeddable":true,"href":"https:\/\/doit-studio.com\/en\/wp-json\/wp\/v2\/comments?post=978"}],"version-history":[{"count":25,"href":"https:\/\/doit-studio.com\/en\/wp-json\/wp\/v2\/pages\/978\/revisions"}],"predecessor-version":[{"id":1830,"href":"https:\/\/doit-studio.com\/en\/wp-json\/wp\/v2\/pages\/978\/revisions\/1830"}],"wp:attachment":[{"href":"https:\/\/doit-studio.com\/en\/wp-json\/wp\/v2\/media?parent=978"}],"curies":[{"name":"wp","href":"https:\/\/api.w.org\/{rel}","templated":true}]}}